{"id":403,"date":"2020-01-27T00:43:19","date_gmt":"2020-01-27T00:43:19","guid":{"rendered":"https:\/\/travessiailhagrande.com\/quanto-tempo-ficar-em-ilha-grande\/"},"modified":"2021-04-20T00:15:56","modified_gmt":"2021-04-20T00:15:56","slug":"quanto-tempo-ficar-em-ilha-grande","status":"publish","type":"page","link":"https:\/\/travessiailhagrande.com\/es\/quanto-tempo-ficar-em-ilha-grande\/","title":{"rendered":"Quanto tempo ficar em Ilha Grande"},"content":{"rendered":"<section class=\"l-section wpb_row height_medium\"><div class=\"l-section-h i-cf\"><div class=\"g-cols vc_row via_flex valign_top type_default stacking_default\"><div class=\"vc_col-sm-12 wpb_column vc_column_container\"><div class=\"vc_column-inner\"><div class=\"wpb_wrapper\"><div class=\"wpb_text_column\"><div class=\"wpb_wrapper\"><h1>Quanto tempo ficar em Ilha Grande?<\/h1>\n<p><img loading=\"lazy\" decoding=\"async\" class=\"alignnone wp-image-491 size-large\" src=\"https:\/\/travessiailhagrande.com\/wp-content\/uploads\/2020\/06\/praia-abraao-ilha-grande-1024x285.jpg\" alt=\"\" width=\"1024\" height=\"285\" \/><\/p>\n<p>Embora voc\u00ea sinta vontade de ficar para sempre, decidir quanto tempo ficar em Ilha Grande depende inteiramente da sua disponibilidade.<\/p>\n<p>A grande vantagem \u00e9 que o roteiro em Ilha Grande \u00e9 totalmente adapt\u00e1vel. Por isso, se voc\u00ea tem um dia que seja para visitar a cidade, saindo do Rio de Janeiro, n\u00e3o perca a chance!<\/p>\n<p>Entretanto, n\u00f3s definitivamente dir\u00edamos que o ideal \u00e9 dedicar mais de um dia \u00e0 viagem, se for poss\u00edvel. Isso porque a Ilha Grande oferece in\u00fameros atrativos, incluindo o maravilhoso <em>dolce far niente<\/em> (ou \u201ca arte de n\u00e3o fazer nada\u201d).<\/p>\n<p>A seguir, voc\u00ea confere nossas dicas para mesclar atividades tur\u00edsticas e momentos relaxantes em Ilha Grande, em roteiros de 1, 2, 3, 5 e 7 dias.<\/p>\n<p>Esperamos que, ap\u00f3s a leitura, voc\u00ea consiga decidir quanto tempo ficar em Ilha Grande.<\/p>\n<h2>O que fazer em Ilha Grande? Dicas de roteiro<\/h2>\n<figure id=\"attachment_488\" aria-describedby=\"caption-attachment-488\" style=\"width: 600px\" class=\"wp-caption alignnone\"><img loading=\"lazy\" decoding=\"async\" class=\"wp-image-488 size-us_600_600_crop\" src=\"https:\/\/travessiailhagrande.com\/wp-content\/uploads\/2020\/06\/fotos-abraao-ilha-grande-600x600.jpg\" alt=\"\" width=\"600\" height=\"600\" \/><figcaption id=\"caption-attachment-488\" class=\"wp-caption-text\">Vila do Abra\u00e3o em Ilha Grande<\/figcaption><\/figure>\n<h3>O que fazer em 1 dia em Ilha Grande<\/h3>\n<p>Se vier do Rio, voc\u00ea viajar\u00e1 3 horas para o sul. Se conseguir chegar a Concei\u00e7\u00e3o de Jacare\u00ed para o nosso primeiro barco, a chegada \u00e0 Ilha Grande ser\u00e1 por volta das 11h30.<\/p>\n<p><strong>Se n\u00e3o souber como se deslocar do Rio para Concei\u00e7\u00e3o de Jacare\u00ed, <a href=\"https:\/\/travessiailhagrande.com\/contato\/\">entre em contato conosco<\/a> para conhecer nosso servi\u00e7o de Transfer saindo de diversos pontos da cidade! Ou veja nosso artigo: <a href=\"https:\/\/travessiailhagrande.com\/como-chegar-conceicao-de-jacarei\/\">Como chegar em Concei\u00e7\u00e3o do Jacare\u00ed<\/a><\/strong><\/p>\n<p>Nosso \u00faltimo barco parte da Ilha Grande \u00e0s 17h30, o que significa que voc\u00ea poder\u00e1 desfrutar de 6 horas na ilha.<\/p>\n<p>Nossas dicas de passeios imperd\u00edveis nesse per\u00edodo s\u00e3o:<\/p>\n<ul>\n<li>conhecer a praia Lopes Mendes, considerada uma das melhores praias do mundo;<\/li>\n<li>explorar o Abra\u00e3o e seus arredores;<\/li>\n<li>visitar as ru\u00ednas do aqueduto;<\/li>\n<li>almo\u00e7ar em um dos restaurantes beira-mar, como o <a href=\"https:\/\/www.tripadvisor.pt\/Restaurant_Review-g303497-d3570941-Reviews-Restaurante_Pe_na_Areia-Ilha_Grande_Angra_Dos_Reis_State_of_Rio_de_Janeiro.html\" target=\"_blank\" rel=\"noopener noreferrer\">P\u00e9 na Areia<\/a> ou o <a href=\"https:\/\/www.tripadvisor.pt\/Restaurant_Review-g303497-d2590346-Reviews-Rei_do_Moqueca-Ilha_Grande_Angra_Dos_Reis_State_of_Rio_de_Janeiro.html\" target=\"_blank\" rel=\"noopener noreferrer\">Rei da Moqueca<\/a>.<\/li>\n<\/ul>\n<h3>O que fazer em 2 dias em Ilha Grande<\/h3>\n<p>Caso voc\u00ea tenha 2 dias e 1 noite na ilha, nossas dicas s\u00e3o:<\/p>\n<h4>Dia 1<\/h4>\n<ul>\n<li>visitar a praia Lopes Mendes;<\/li>\n<li>explorar Abra\u00e3o e seus arredores, conhecendo o com\u00e9rcio local, os restaurantes e a vida noturna da cidade.<\/li>\n<\/ul>\n<h4>Dia 2<\/h4>\n<ul>\n<li>fazer um passeio de barco. Nesse caso, voc\u00ea tem duas op\u00e7\u00f5es: considerar um cruzeiro de meio dia para conhecer alguns lugares, como a Lagoa Azul, ou fazer um passeio de dia inteiro pela ilha visitando algumas das praias mais remotas<\/li>\n<\/ul>\n<p>Em ambos os casos, lembre-se apenas de voltar \u00e0s 17h30 para o \u00faltimo barco que sai da Ilha Grande!<\/p>\n<h3>O que fazer em 3 dias em Ilha Grande<\/h3>\n<figure id=\"attachment_253\" aria-describedby=\"caption-attachment-253\" style=\"width: 1024px\" class=\"wp-caption alignnone\"><img loading=\"lazy\" decoding=\"async\" class=\"wp-image-253 size-large\" src=\"https:\/\/travessiailhagrande.com\/wp-content\/uploads\/2019\/12\/Abraao-ilha-grande-3-1024x683.jpg\" alt=\"\" width=\"1024\" height=\"683\" srcset=\"https:\/\/travessiailhagrande.com\/wp-content\/uploads\/2019\/12\/Abraao-ilha-grande-3-1024x683.jpg 1024w, https:\/\/travessiailhagrande.com\/wp-content\/uploads\/2019\/12\/Abraao-ilha-grande-3-300x200.jpg 300w, https:\/\/travessiailhagrande.com\/wp-content\/uploads\/2019\/12\/Abraao-ilha-grande-3-1536x1024.jpg 1536w, https:\/\/travessiailhagrande.com\/wp-content\/uploads\/2019\/12\/Abraao-ilha-grande-3-600x400.jpg 600w, https:\/\/travessiailhagrande.com\/wp-content\/uploads\/2019\/12\/Abraao-ilha-grande-3.jpg 1999w\" sizes=\"auto, (max-width: 1024px) 100vw, 1024px\" \/><figcaption id=\"caption-attachment-253\" class=\"wp-caption-text\">Praia de Abra\u00e3o<\/figcaption><\/figure>\n<p>Se voc\u00ea tiver tr\u00eas dias, a ideia \u00e9 seguir o roteiro acima para os dois primeiros e, no terceiro, aproveitar para:<\/p>\n<ul>\n<li>fazer caminhadas, como o circuito Vila do Abra\u00e3o ou o circuito do Po\u00e7\u00e3o e do Aqueduto;<\/li>\n<li>alugar uma bicicleta e fazer o circuito do Lazareto, at\u00e9 as ru\u00ednas do Lazareto e antigo pres\u00eddio;<\/li>\n<li>subir o Pico do Papagaio e avistar a ilha de um dos mais belos \u00e2ngulos.<\/li>\n<\/ul>\n<h3>O que fazer em 5 dias em Ilha Grande<\/h3>\n<p>Descobrir o que fazer em 5 dias em Ilha Grande ser\u00e1 f\u00e1cil: al\u00e9m de poder aproveitar calmamente as dicas dadas nas sugest\u00f5es de roteiros acima, voc\u00ea tamb\u00e9m ter\u00e1 tempo de sobra para curtir o sossego das praias e pousadas da cidade.<\/p>\n<p>Que tal incluir no roteiro a pr\u00e1tica de alguns esportes aqu\u00e1ticos? Em Ilha Grande, voc\u00ea pode praticar:<\/p>\n<ul>\n<li>mergulho;<\/li>\n<li>snorkel;<\/li>\n<li>stand up paddle;<\/li>\n<li>surf;<\/li>\n<li>caiaque;<\/li>\n<li>e mais!<\/li>\n<\/ul>\n<h3>O que fazer em 7 dias em Ilha Grande<\/h3>\n<p>Passar uma semana inteira no para\u00edso \u00e9 um verdadeiro sonho. Se esse \u00e9 o seu caso, desfrute de tudo o que a cidade oferece!<\/p>\n<ul>\n<li>visite as praias pr\u00f3ximas e as remotas (nesse caso, o cruzeiro de dia inteiro \u00e9 imperd\u00edvel);<\/li>\n<li>fa\u00e7a trilhas mais longas, de um dia ou dois de dura\u00e7\u00e3o;<\/li>\n<li>aproveite para acampar em meio \u00e0 natureza;<\/li>\n<li>visite as lagoas Verde e Azul e a gruta do Acai\u00e1;<\/li>\n<li>relaxe!<\/li>\n<\/ul>\n<h2>Afinal, quanto tempo ficar em Ilha Grande?<\/h2>\n<p>Agora que voc\u00ea j\u00e1 viu nossas dicas de roteiro para Ilha Grande, decidir quanto tempo ficar est\u00e1 em suas m\u00e3os. Para tomar a decis\u00e3o, \u00e9 importante levar em conta todos os fatores pessoais envolvidos, como or\u00e7amento, disponibilidade de tempo, perfil dos viajantes, inten\u00e7\u00e3o da viagem, tipo de acomoda\u00e7\u00e3o escolhida, e por a\u00ed vai. Nossa recomenda\u00e7\u00e3o \u00e9 de menos dois dias inteiros para conhecer a cidade e fazer passeios inesquec\u00edveis pelas praias paradis\u00edacas do entorno.<\/p>\n<p>O importante \u00e9 decidir tendo em mente que o mais importante \u00e9 cumprir seu objetivo de viagem, seja ele descansar, passear, conhecer novos lugares, se aventurar ou apenas relaxar.<\/p>\n<p>E por falar em relaxar, que tal adiantar algumas decis\u00f5es e tornar a sua viagem ainda mais tranquila? Voc\u00ea pode comprar antecipadamente seus bilhetes para a travessia de Concei\u00e7\u00e3o do Jacare\u00ed a Vila do Abra\u00e3o e garantir seu lugar em nosso flexboat!<\/p>\n<p><img loading=\"lazy\" decoding=\"async\" src=\"https:\/\/travessiailhagrande.com\/wp-content\/uploads\/2019\/12\/56cc43c6-1ec4-4347-84c7-f090346e4142-225x300.jpg\" alt=\"\" width=\"225\" height=\"300\" \/><img loading=\"lazy\" decoding=\"async\" class=\"alignnone size-medium wp-image-450\" src=\"https:\/\/travessiailhagrande.com\/wp-content\/uploads\/2020\/05\/horarios-bilhetes-ilha-grande-barco-flexboat-225x300.jpg\" alt=\"\" width=\"225\" height=\"300\" \/><\/p>\n<p><strong>Comprando antecipadamente voc\u00ea:<\/strong><\/p>\n<ul>\n<li>n\u00e3o perde horas preciosas no Pier esperando a pr\u00f3xima embarca\u00e7\u00e3o porque todos j\u00e1 est\u00e3o lotados e garante a travessia na hora desejada<\/li>\n<li>compra o bilhete de barco de ida e volta para o hor\u00e1rio desejado<\/li>\n<li>garante um desconto especial reservando e comprando online<\/li>\n<li>n\u00e3o precisa correr para chegar \u00e0 embarca\u00e7\u00e3o a tempo de entrar na fila para comprar seu ticket<\/li>\n<\/ul>\n<h3><a href=\"https:\/\/travessiailhagrande.com\/bilhetes\/\" target=\"_blank\" rel=\"noopener noreferrer\">\u00bb\u00bb Confira hor\u00e1rios e pre\u00e7os de lanchas para Ilha Grande e compre com desconto aqui!<\/a><\/h3>\n<p>Al\u00e9m de reservar seu bilhete para a travessia com anteced\u00eancia e desconto, voc\u00ea tamb\u00e9m pode aproveitar para conhecer os pre\u00e7os e condi\u00e7\u00f5es do transfer para Concei\u00e7\u00e3o de Jacare\u00ed com a Travessia Ilha Grande! N\u00e3o perca mais tempo e fa\u00e7a j\u00e1 um or\u00e7amento!<\/p>\n<\/div><\/div><\/div><\/div><\/div><\/div><\/div><\/section>\n","protected":false},"excerpt":{"rendered":"Quanto tempo ficar em Ilha Grande? Embora voc\u00ea sinta vontade de ficar para sempre, decidir quanto tempo ficar em Ilha Grande depende inteiramente da sua disponibilidade. A grande vantagem \u00e9 que o roteiro em Ilha Grande \u00e9 totalmente adapt\u00e1vel. Por isso, se voc\u00ea tem um dia que seja para visitar a cidade, saindo do Rio...","protected":false},"author":3,"featured_media":0,"parent":0,"menu_order":0,"comment_status":"closed","ping_status":"closed","template":"","meta":{"footnotes":""},"class_list":["post-403","page","type-page","status-publish","hentry"],"_links":{"self":[{"href":"https:\/\/travessiailhagrande.com\/es\/wp-json\/wp\/v2\/pages\/403","targetHints":{"allow":["GET"]}}],"collection":[{"href":"https:\/\/travessiailhagrande.com\/es\/wp-json\/wp\/v2\/pages"}],"about":[{"href":"https:\/\/travessiailhagrande.com\/es\/wp-json\/wp\/v2\/types\/page"}],"author":[{"embeddable":true,"href":"https:\/\/travessiailhagrande.com\/es\/wp-json\/wp\/v2\/users\/3"}],"replies":[{"embeddable":true,"href":"https:\/\/travessiailhagrande.com\/es\/wp-json\/wp\/v2\/comments?post=403"}],"version-history":[{"count":2,"href":"https:\/\/travessiailhagrande.com\/es\/wp-json\/wp\/v2\/pages\/403\/revisions"}],"predecessor-version":[{"id":1535,"href":"https:\/\/travessiailhagrande.com\/es\/wp-json\/wp\/v2\/pages\/403\/revisions\/1535"}],"wp:attachment":[{"href":"https:\/\/travessiailhagrande.com\/es\/wp-json\/wp\/v2\/media?parent=403"}],"curies":[{"name":"wp","href":"https:\/\/api.w.org\/{rel}","templated":true}]}}