{"id":272,"date":"2019-12-30T18:26:55","date_gmt":"2019-12-30T18:26:55","guid":{"rendered":"https:\/\/travessiailhagrande.com\/?page_id=272"},"modified":"2019-12-30T18:30:18","modified_gmt":"2019-12-30T18:30:18","slug":"politica-de-privacidad","status":"publish","type":"page","link":"https:\/\/travessiailhagrande.com\/es\/politica-de-privacidad\/","title":{"rendered":"Pol\u00edtica de privacidad"},"content":{"rendered":"<section class=\"l-section wpb_row height_medium\"><div class=\"l-section-h i-cf\"><div class=\"g-cols vc_row via_flex valign_top type_default stacking_default\"><div class=\"vc_col-sm-12 wpb_column vc_column_container\"><div class=\"vc_column-inner\"><div class=\"wpb_wrapper\"><div class=\"wpb_text_column\"><div class=\"wpb_wrapper\"><p>Fecha efectiva: October 14, 2019<\/p>\n<p>BARCO ILHA GRANDE LTDA (&#8220;nosotros&#8221;, &#8220;a nosotros&#8221;, &#8220;nuestro&#8221;) opera el sitio<br \/>\nweb http:\/\/www.travessiailhagrande.com (en adelante, el &#8220;Servicio&#8221;).<\/p>\n<p>Esta p\u00e1gina le informa de nuestras pol\u00edticas en materia de recopilaci\u00f3n, uso y<br \/>\ndivulgaci\u00f3n de datos personales cuando utiliza nuestro Servicio y de las<br \/>\nopciones de las que dispone en relaci\u00f3n con esos datos.<\/p>\n<p>Utilizamos sus datos para prestarle el Servicio y mejorarlo. Al utilizar el<br \/>\nServicio, usted acepta la recopilaci\u00f3n y el uso de informaci\u00f3n de conformidad<br \/>\ncon esta pol\u00edtica. A menos que esta Pol\u00edtica de privacidad defina lo<br \/>\ncontrario, los t\u00e9rminos utilizados en ella tienen los mismos significados que<br \/>\nnuestros T\u00e9rminos y Condiciones, disponibles en el<\/p>\n<blockquote class=\"wp-embedded-content\" data-secret=\"kKynnfXgLG\">\n<p><a href=\"https:\/\/travessiailhagrande.com\/?lang=es\">Home<\/a><\/p>\n<\/blockquote>\n<p><iframe loading=\"lazy\" title=\"&#8220;Home&#8221; &#8212; Travessia Ilha Grande\" class=\"wp-embedded-content\" sandbox=\"allow-scripts\" security=\"restricted\" style=\"position: absolute; clip: rect(1px, 1px, 1px, 1px);\" src=\"https:\/\/travessiailhagrande.com\/?lang=es\/embed\/#?secret=kKynnfXgLG\" data-secret=\"kKynnfXgLG\" width=\"600\" height=\"338\" frameborder=\"0\" marginwidth=\"0\" marginheight=\"0\" scrolling=\"no\"><\/iframe><\/p>\n<p>Definiciones<br \/>\n&#8212;&#8212;&#8212;&#8212;<\/p>\n<p>* Servicio<\/p>\n<p>Servicio es el sitio web http:\/\/www.travessiailhagrande.com operado por<br \/>\nBARCO ILHA GRANDE LTDA<\/p>\n<p>* Datos personales<\/p>\n<p>Datos personales significa los datos sobre una persona f\u00edsica viva que<br \/>\npuede ser identificada a partir de esos datos (o con esos datos y otra<br \/>\ninformaci\u00f3n de la que dispongamos o probablemente podamos disponer).<\/p>\n<p>* Datos de uso<\/p>\n<p>Datos de uso son los datos recopilados autom\u00e1ticamente, generados por el<br \/>\nuso del Servicio o por la propia infraestructura del Servicio (por<br \/>\nejemplo, la duraci\u00f3n de la visita a una p\u00e1gina).<\/p>\n<p>* Cookies<\/p>\n<p>Las cookies son peque\u00f1os archivos ialmacenados en su dispositivo<br \/>\n(ordenador o dispositivo m\u00f3vil).<\/p>\n<p>Recopilaci\u00f3n y uso de la informaci\u00f3n<br \/>\n&#8212;&#8212;&#8212;&#8212;&#8212;&#8212;&#8212;&#8212;&#8212;&#8212;&#8212;&#8212;<\/p>\n<p>Recopilamos diferentes tipos de informaci\u00f3n con diversas finalidades para<br \/>\nprestarle el Servicio y mejorarlo.<\/p>\n<p>Tipos de datos recopilados<br \/>\n~~~~~~~~~~~~~~~~~~~~~~~~~~<\/p>\n<p>Datos personales<br \/>\n****************<\/p>\n<p>Cuando utilice nuestro Servicio, es posible que le pidamos que nos proporcione<br \/>\ndeterminada informaci\u00f3n personalmente identificable que podr\u00e1 ser utilizada<br \/>\npara contactar con usted o para identificarle (&#8220;Datos personales&#8221;). La<br \/>\ninformaci\u00f3n personalmente identificable puede incluir, entre otras, la<br \/>\nsiguiente:<\/p>\n<p>* Direcci\u00f3n de e-mail<br \/>\n* Nombre y apellidos<br \/>\n* N\u00famero de tel\u00e9fono<br \/>\n* Cookies y datos de uso<\/p>\n<p>Podemos utilizar sus Datos personales para contactar con usted a fin de<br \/>\nproporcionarle hojas informativas, materiales de marketing o promoci\u00f3n y otra<br \/>\ninformaci\u00f3n que pueda ser de su inter\u00e9s. Puede optar por no recibir parte o la<br \/>\ntotalidad de estas comunicaciones, contactando con nosotros.<\/p>\n<p>Datos de uso<br \/>\n************<\/p>\n<p>Tambi\u00e9n recopilamos informaci\u00f3n sobre la forma en la que se accede y utiliza<br \/>\nel Servicio (\u00abDatos de uso\u00bb). Estos Datos de uso pueden incluir informaci\u00f3n<br \/>\ncomo la direcci\u00f3n del protocolo de Internet de su ordenador (por ejemplo,<br \/>\ndirecci\u00f3n IP), tipo de navegador, versi\u00f3n del navegador, las p\u00e1ginas que<br \/>\nvisita de nuestro Servicio, la hora y la fecha de su visita, el tiempo que<br \/>\npasa en esas p\u00e1ginas, identificadores exclusivos de dispositivos y otros datos<br \/>\nde diagn\u00f3stico.<\/p>\n<p>Datos de cookies y seguimiento<br \/>\n******************************<\/p>\n<p>Utilizamos cookies y tecnolog\u00edas de seguimiento similares para rastrear la<br \/>\nactividad de nuestro Servicio y mantener determinada informaci\u00f3n.<\/p>\n<p>Las cookies son archivos con una peque\u00f1a cantidad de datos que pueden incluir<br \/>\nun identificador exclusivo an\u00f3nimo. Las cookies son enviadas a su navegador<br \/>\ndesde un sitio web y se almacenan en su dispositivo. Otras tecnolog\u00edas de<br \/>\nseguimiento tambi\u00e9n utilizadas son balizas, etiquetas y scripts para recopilar<br \/>\ny rastrear la informaci\u00f3n, as\u00ed como para mejorar y analizar nuestro Servicio.<\/p>\n<p>Usted puede ordenar a su navegador que rechace todas las cookies o que le<br \/>\navise cuando se env\u00eda una cookie. Sin embargo, si no acepta cookies, es<br \/>\nposible que no pueda utilizar algunas partes de nuestro Servicio.<\/p>\n<p>Ejemplos de Cookies que utilizamos:<\/p>\n<p>* Cookies de sesi\u00f3n. Utilizamos Cookies de sesi\u00f3n para operar nuestro<br \/>\nServicio.<br \/>\n* Cookies de preferencia. Utilizamos Cookies de preferencia para recordar<br \/>\nsus preferencias y diversos ajustes.<br \/>\n* Cookies de seguridad. Utilizamos Cookies de seguridad para fines de<br \/>\nseguridad.<\/p>\n<p>Uso de datos<br \/>\n&#8212;&#8212;&#8212;&#8212;<\/p>\n<p>BARCO ILHA GRANDE LTDA utiliza los datos recopilados con diversas finalidades:<\/p>\n<p>* Suministrar y mantener nuestro Servicio<br \/>\n* Notificarle cambios en nuestro Servicio<br \/>\n* Permitirle participar en funciones interactivas de nuestro Servicio cuando<br \/>\ndecida hacerlo<br \/>\n* Prestar asistencia al cliente<br \/>\n* Recopilar an\u00e1lisis o informaci\u00f3n valiosa que nos permitan mejorar nuestro<br \/>\nServicio<br \/>\n* Controlar el uso de nuestro Servicio<br \/>\n* Detectar, evitar y abordar problemas t\u00e9cnicos<br \/>\n* Ofrecerle noticias, ofertas especiales e informaci\u00f3n general sobre otros<br \/>\nbienes, servicios y eventos que podemos ofrecer y que son similares a los<br \/>\nque ya ha adquirido o sobre los que ha realizado consultas, a menos que<br \/>\nhaya optado por no recibir esta informaci\u00f3n.<\/p>\n<p>Transferencia de datos<br \/>\n&#8212;&#8212;&#8212;&#8212;&#8212;&#8212;&#8212;-<\/p>\n<p>Su informaci\u00f3n, incluyendo Datos personales, puede ser transferida a \u2014y<br \/>\nmantenida en\u2014 ordenadores localizados fuera de su estado, provincia, pa\u00eds u<br \/>\notra jurisdicci\u00f3n gubernamental donde las leyes de protecci\u00f3n de datos pueden<br \/>\ndiferir de las de su jurisdicci\u00f3n.<\/p>\n<p>Si usted se encuentra fuera de Brazil y decide facilitarnos informaci\u00f3n, tenga<br \/>\nen cuenta que nosotros transferimos los datos, incluyendo Datos personales, a<br \/>\nBrazil y que los tratamos all\u00ed.<\/p>\n<p>Su aceptaci\u00f3n de esta Pol\u00edtica de privacidad seguida de su env\u00edo de esta<br \/>\ninformaci\u00f3n representa que est\u00e1 de acuerdo con dicha transferencia.<\/p>\n<p>BARCO ILHA GRANDE LTDA emprender\u00e1 todas las medidas razonables necesarias para<br \/>\ngarantizar que sus datos sean tratados de forma segura y de conformidad con<br \/>\nesta Pol\u00edtica de privacidad y no se realizar\u00e1 ninguna transferencia de sus<br \/>\nDatos personales a una organizaci\u00f3n o pa\u00eds, salvo que existan unos controles<br \/>\nadecuados establecidos incluyendo la seguridad de sus datos y otra informaci\u00f3n<br \/>\npersonal.<\/p>\n<p>Divulgaci\u00f3n de datos<br \/>\n&#8212;&#8212;&#8212;&#8212;&#8212;&#8212;&#8211;<\/p>\n<p>Requisitos legales<br \/>\n~~~~~~~~~~~~~~~~~~<\/p>\n<p>BARCO ILHA GRANDE LTDA puede divulgar sus Datos personales de buena fe cuando<br \/>\nconsidere que esta acci\u00f3n es necesaria para lo siguiente:<\/p>\n<p>* Cumplir una obligaci\u00f3n legal<br \/>\n* Proteger y defender los derechos o bienes de BARCO ILHA GRANDE LTDA<br \/>\n* Prevenir o investigar posibles infracciones en relaci\u00f3n con el Servicio<br \/>\n* Proteger la seguridad personal de usuarios del Servicio o del p\u00fablico<br \/>\n* Protegerse frente a consecuencias legales<\/p>\n<p>Seguridad de los datos<br \/>\n&#8212;&#8212;&#8212;&#8212;&#8212;&#8212;&#8212;-<\/p>\n<p>La seguridad de sus datos es importante para nosotros, pero recuerde que<br \/>\nning\u00fan m\u00e9todo de transmisi\u00f3n por Internet o m\u00e9todo de almacenamiento<br \/>\nelectr\u00f3nico resulta 100% seguro. A pesar de que nos esforzamos por utilizar<br \/>\nmedios comercialmente aceptables para proteger sus Datos personales, no<br \/>\npodemos garantizar su seguridad absoluta.<\/p>\n<p>Proveedores de servicios<br \/>\n&#8212;&#8212;&#8212;&#8212;&#8212;&#8212;&#8212;&#8212;<\/p>\n<p>Podemos contratar a personas f\u00edsicas y jur\u00eddicas terceras para facilitar<br \/>\nnuestro Servicio (&#8220;Proveedores de servicios&#8221;), para que presten el Servicio en<br \/>\nnuestro nombre, para que suministren servicios relacionados con el Servicio o<br \/>\npara que nos ayuden a analizar c\u00f3mo se utiliza nuestro Servicio.<\/p>\n<p>Estos terceros tienen acceso a sus Datos personales \u00fanicamente para realizar<br \/>\nestas tareas en nuestro nombre y est\u00e1n obligados a no divulgarlos ni<br \/>\nutilizarlos con ning\u00fan otro fin.<\/p>\n<p>An\u00e1lisis<br \/>\n~~~~~~~~<\/p>\n<p>Podemos utilizar Proveedores de servicios terceros para controlar y analizar<br \/>\nel uso de nuestro Servicio.<\/p>\n<p>* Google Analytics<\/p>\n<p>Google Analytics es un servicio de anal\u00edtica web ofrecido por Google que<br \/>\nrastrea e informa del tr\u00e1fico de los sitios web. Google utiliza los datos<br \/>\nrecopilados para rastrear y controlar el uso de nuestro Servicio. Estos<br \/>\ndatos son compartidos con otros servicios de Google. Google puede utilizar<br \/>\nlos datos recopilados para contextualizar y personalizar los anuncios de<br \/>\nsu propia red de publicidad.<\/p>\n<p>Puede optar por que su actividad en el Servicio no est\u00e9 disponible para<br \/>\nGoogle Analytics instalando el complemento de inhabilitaci\u00f3n para el<br \/>\nnavegador. Este complemento evita que el JavaScript de Google Analytics<br \/>\n(ga.js, analytics.js y dc.js) comparta informaci\u00f3n con Google Analytics<br \/>\nsobre la actividad de las visitas.<\/p>\n<p>Para m\u00e1s informaci\u00f3n sobre las pr\u00e1cticas de privacidad de Google, visite<br \/>\nla p\u00e1gina web de Privacidad y Condiciones de Google:<br \/>\n&lt;https:\/\/policies.google.com\/privacy?hl=en&gt;<\/p>\n<p>Pagos<br \/>\n~~~~~<\/p>\n<p>Podemos ofrecer productos y\/o servicios de pago dentro del Servicio. En ese<br \/>\ncaso, utilizamos servicios de terceros para el procesamiento de los pagos (por<br \/>\nejemplo, procesadores de pagos).<\/p>\n<p>proporciona directamente a nuestros procesadores de pagos terceros, cuyo uso<br \/>\nde los datos personales est\u00e1n regulados por su Pol\u00edtica de privacidad. Estos<br \/>\nprocesadores de pagos cumplen las normas establecidas por el est\u00e1ndar PCI-DSS<br \/>\ngestionado por el comit\u00e9 PCI SSC (PCI Security Standards Council), que es un<br \/>\nesfuerzo conjunto de marcas como Visa, MasterCard, American Express y<br \/>\nDiscover. Los requisitos del est\u00e1ndar PCI-DSS ayudan a garantizar una gesti\u00f3n<br \/>\nsegura de los datos del pago.<\/p>\n<p>Los procesadores de pagos con los que trabajamos son:<\/p>\n<p>* Google Play In-App Payments<\/p>\n<p>Su Pol\u00edtica de privacidad se puede consultar en<br \/>\n&lt;https:\/\/www.google.com\/policies\/privacy\/&gt;<\/p>\n<p>* Stripe<\/p>\n<p>Su Pol\u00edtica de privacidad se puede consultar en<br \/>\n&lt;https:\/\/stripe.com\/us\/privacy&gt;<\/p>\n<p>* PayPal \/ Braintree<\/p>\n<p>Su Pol\u00edtica de privacidad se puede consultar en<br \/>\n&lt;https:\/\/www.paypal.com\/webapps\/mpp\/ua\/privacy-full&gt;<\/p>\n<p>Enlaces a otros sitios<br \/>\n&#8212;&#8212;&#8212;&#8212;&#8212;&#8212;&#8212;-<\/p>\n<p>Nuestro Servicio puede contener enlaces a otros sitios no operados por<br \/>\nnosotros. Si hace clic en el enlace de un tercero, ser\u00e1 dirigido al sitio de<br \/>\nese tercero. Le recomendamos encarecidamente que revise la Pol\u00edtica de<br \/>\nprivacidad de todos los sitios que visite.<\/p>\n<p>No tenemos ning\u00fan control ni asumimos responsabilidad alguna con respecto al<br \/>\ncontenido, las pol\u00edticas o pr\u00e1cticas de privacidad de sitios o servicios de<br \/>\nterceros.<\/p>\n<p>Privacidad del menor<br \/>\n&#8212;&#8212;&#8212;&#8212;&#8212;&#8212;&#8211;<\/p>\n<p>Nuestro servicio no est\u00e1 dirigido a ning\u00fan menor de 18 a\u00f1os (en adelante,<br \/>\n&#8220;Menor&#8221;).<\/p>\n<p>No recopilamos de forma consciente informaci\u00f3n personalmente identificable de<br \/>\nmenores de 18 a\u00f1os. Si es usted un padre\/madre o tutor y tiene conocimiento de<br \/>\nque su hijo nos ha facilitado Datos personales, contacte con nosotros. Si<br \/>\ntenemos conocimiento de que hemos recopilado Datos personales de menores sin<br \/>\nverificaci\u00f3n del consentimiento parental, tomamos medidas para eliminar esa<br \/>\ninformaci\u00f3n de nuestros servidores.<\/p>\n<p>Cambios en esta Pol\u00edtica de privacidad<br \/>\n&#8212;&#8212;&#8212;&#8212;&#8212;&#8212;&#8212;&#8212;&#8212;&#8212;&#8212;&#8212;&#8211;<\/p>\n<p>Podemos actualizar nuestra Pol\u00edtica de privacidad peri\u00f3dicamente. Le<br \/>\nnotificaremos cualquier cambio publicando la nueva Pol\u00edtica de privacidad en<br \/>\nesta p\u00e1gina.<\/p>\n<p>Le informaremos a trav\u00e9s del e-mail y\/o de un aviso destacado sobre nuestro<br \/>\nServicio antes de que el cambio entre en vigor y actualizaremos la \u00abfecha<br \/>\nefectiva\u00bb en la parte superior de esta Pol\u00edtica de privacidad.<\/p>\n<p>Le recomendamos que revise esta Pol\u00edtica de privacidad peri\u00f3dicamente para<br \/>\ncomprobar si se ha introducido alg\u00fan cambio. Los cambios en esta Pol\u00edtica de<br \/>\nprivacidad entran en vigor cuando se publican en esta p\u00e1gina.<\/p>\n<p>Contacte con nosotros<br \/>\n&#8212;&#8212;&#8212;&#8212;&#8212;&#8212;&#8212;<\/p>\n<p>Si tiene alguna pregunta sobre esta Pol\u00edtica de privacidad, contacte con<br \/>\nnosotros:<\/p>\n<p>* Por e-mail: info@travessiailhagrande.com<br \/>\n* Visitando esta p\u00e1gina en nuestro sitio web:<br \/>\ninfo@travessiailhagrande.com\/contact<br \/>\n* A trav\u00e9s del n\u00famero de tel\u00e9fono: +55 21 96752-4682<\/p>\n<\/div><\/div><\/div><\/div><\/div><\/div><\/div><\/section>\n","protected":false},"excerpt":{"rendered":"Fecha efectiva: October 14, 2019 BARCO ILHA GRANDE LTDA (&#8220;nosotros&#8221;, &#8220;a nosotros&#8221;, &#8220;nuestro&#8221;) opera el sitio web http:\/\/www.travessiailhagrande.com (en adelante, el &#8220;Servicio&#8221;). Esta p\u00e1gina le informa de nuestras pol\u00edticas en materia de recopilaci\u00f3n, uso y divulgaci\u00f3n de datos personales cuando utiliza nuestro Servicio y de las opciones de las que dispone en relaci\u00f3n con esos...","protected":false},"author":1,"featured_media":0,"parent":0,"menu_order":0,"comment_status":"closed","ping_status":"closed","template":"","meta":{"footnotes":""},"class_list":["post-272","page","type-page","status-publish","hentry"],"_links":{"self":[{"href":"https:\/\/travessiailhagrande.com\/es\/wp-json\/wp\/v2\/pages\/272","targetHints":{"allow":["GET"]}}],"collection":[{"href":"https:\/\/travessiailhagrande.com\/es\/wp-json\/wp\/v2\/pages"}],"about":[{"href":"https:\/\/travessiailhagrande.com\/es\/wp-json\/wp\/v2\/types\/page"}],"author":[{"embeddable":true,"href":"https:\/\/travessiailhagrande.com\/es\/wp-json\/wp\/v2\/users\/1"}],"replies":[{"embeddable":true,"href":"https:\/\/travessiailhagrande.com\/es\/wp-json\/wp\/v2\/comments?post=272"}],"version-history":[{"count":3,"href":"https:\/\/travessiailhagrande.com\/es\/wp-json\/wp\/v2\/pages\/272\/revisions"}],"predecessor-version":[{"id":275,"href":"https:\/\/travessiailhagrande.com\/es\/wp-json\/wp\/v2\/pages\/272\/revisions\/275"}],"wp:attachment":[{"href":"https:\/\/travessiailhagrande.com\/es\/wp-json\/wp\/v2\/media?parent=272"}],"curies":[{"name":"wp","href":"https:\/\/api.w.org\/{rel}","templated":true}]}}