{"id":269,"date":"2019-11-19T17:17:00","date_gmt":"2019-11-19T17:17:00","guid":{"rendered":"https:\/\/travessiailhagrande.com\/?page_id=269"},"modified":"2025-10-13T14:01:19","modified_gmt":"2025-10-13T14:01:19","slug":"tickets-de-barco-a-ilha-grande","status":"publish","type":"page","link":"https:\/\/travessiailhagrande.com\/es\/tickets-de-barco-a-ilha-grande\/","title":{"rendered":"Tickets de barco a Ilha Grande"},"content":{"rendered":"<section class=\"l-section wpb_row height_medium\"><div class=\"l-section-h i-cf\"><div class=\"g-cols vc_row via_flex valign_top type_default stacking_default\"><div class=\"vc_col-sm-6 wpb_column vc_column_container\"><div class=\"vc_column-inner\"><div class=\"wpb_wrapper\"><div class=\"wpb_text_column\"><div class=\"wpb_wrapper\"><h2 style=\"text-align: left;\"><span style=\"font-weight: 400;\">Billete de lanchas a Ilha Grande: v<\/span><span style=\"font-weight: 400;\">alores y horarios<\/span><\/h2>\n<\/div><\/div><div class=\"ult-spacer spacer-69ebbeb65956c\" data-id=\"69ebbeb65956c\" data-height=\"27\" data-height-mobile=\"27\" data-height-tab=\"27\" data-height-tab-portrait=\"\" data-height-mobile-landscape=\"\" style=\"clear:both;display:block;\"><\/div><div class=\"wpb_text_column\"><div class=\"wpb_wrapper\"><p><span style=\"font-weight: 400;\">\u00bfVas a visitar Ilha Grande? \u00bfSabias que puedes reservar tu <strong>tickets de barco a Ilha Grande<\/strong> con anticipacion saliendo de Concei\u00e7\u00e3o de Jacare\u00ed o Angra dos Reis?<\/span><\/p>\n<p><span style=\"font-weight: 400;\">Reservando con anticipaci\u00f3n garantizas tu asiento en el bote y evitar\u00e1s el riesgo de tener que esperar en el muelle por la siguiente salida en caso de que los tickets est\u00e9n agotados.<\/span><\/p>\n<p><span style=\"font-weight: 400;\">\u00a1Aprovecha esta oportunidad y consigue tu descuento del ticket online ahora!<\/span><\/p>\n<\/div><\/div><\/div><\/div><\/div><div class=\"vc_col-sm-6 wpb_column vc_column_container\"><div class=\"vc_column-inner\"><div class=\"wpb_wrapper\"><div class=\"ult-spacer spacer-69ebbeb659998\" data-id=\"69ebbeb659998\" data-height=\"27\" data-height-mobile=\"27\" data-height-tab=\"27\" data-height-tab-portrait=\"\" data-height-mobile-landscape=\"\" style=\"clear:both;display:block;\"><\/div><div class=\"w-image align_none\"><div class=\"w-image-h\"><img decoding=\"async\" width=\"486\" height=\"371\" src=\"https:\/\/travessiailhagrande.com\/wp-content\/uploads\/2021\/05\/Ilha_Grande_Boat_Tickets-removebg-preview-e1621716966977.png\" class=\"attachment-full size-full\" alt=\"Tickets Ilha Grande\" loading=\"lazy\" srcset=\"https:\/\/travessiailhagrande.com\/wp-content\/uploads\/2021\/05\/Ilha_Grande_Boat_Tickets-removebg-preview-e1621716966977.png 486w, https:\/\/travessiailhagrande.com\/wp-content\/uploads\/2021\/05\/Ilha_Grande_Boat_Tickets-removebg-preview-e1621716966977-300x229.png 300w\" sizes=\"auto, (max-width: 486px) 100vw, 486px\" \/><\/div><\/div><\/div><\/div><\/div><\/div><\/div><\/section><section class=\"l-section wpb_row height_medium\"><div class=\"l-section-h i-cf\"><div class=\"g-cols vc_row via_flex valign_top type_default stacking_default\"><div class=\"vc_col-sm-8 wpb_column vc_column_container\"><div class=\"vc_column-inner\"><div class=\"wpb_wrapper\"><div class=\"g-cols wpb_row via_flex valign_top type_default stacking_default\"><div class=\"vc_col-sm-12 wpb_column vc_column_container\"><div class=\"vc_column-inner\"><div class=\"wpb_wrapper\"><\/div><\/div><\/div><\/div><div class=\"wpb_text_column\"><div class=\"wpb_wrapper\"><h2><span style=\"font-weight: 400;\">Valores y horarios: barcos a Ilha Grande<\/span><\/h2>\n<p><span style=\"font-weight: 400;\">Chequea nuestros horarios y reserva online tu tickets de barco a Ilha Grande con un descuento:<\/span><\/p>\n<\/div><\/div><div class=\"ult-spacer spacer-69ebbeb65b0c6\" data-id=\"69ebbeb65b0c6\" data-height=\"5\" data-height-mobile=\"5\" data-height-tab=\"5\" data-height-tab-portrait=\"\" data-height-mobile-landscape=\"\" style=\"clear:both;display:block;\"><\/div><div class=\"w-html\"><script defer=\"\" type=\"text\/javascript\" src=\"https:\/\/traverseamerica.rezdy.com\/pluginJs\"><\/script>\n                <iframe loading=\"lazy\" seamless=\"\" width=\"100%\" height=\"1000px\" frameborder=\"0\" class=\"rezdy\" src=\"https:\/\/traverseamerica.rezdy.com\/productsCalendar\/380930?iframe=true&lang=en\"><\/iframe><\/div><div class=\"g-cols wpb_row via_flex valign_top type_default stacking_default\"><div class=\"vc_col-sm-12 wpb_column vc_column_container\"><div class=\"vc_column-inner\"><div class=\"wpb_wrapper\"><\/div><\/div><\/div><\/div><div class=\"w-actionbox us_custom_1a83ffec color_primary controls_bottom\"><div class=\"w-actionbox-text\"><div class=\"w-actionbox-title\" style=\"font-size:35px\">Concei\u00e7\u00e3o de Jacare\u00ed a Abra\u00e3o<\/div><\/div><div class=\"w-actionbox-controls\"><a class=\"w-btn us-btn-style_2\" title=\"Barco de Concei\u00e7\u00e3o de Jacare\u00ed para Ilha Grande\" href=\"https:\/\/booking.toptransferbrasil.com.br\/servicos\/travessias\/travessia-marina-porto-real-vila-do-abraao-ida-e-volta?ida=122\" style=\"font-size:31px;\"><span class=\"w-btn-label\">COMPRAR TICKET AQUI<\/span><\/a><\/div><\/div><div class=\"ult-spacer spacer-69ebbeb65b69d\" data-id=\"69ebbeb65b69d\" data-height=\"10\" data-height-mobile=\"10\" data-height-tab=\"10\" data-height-tab-portrait=\"\" data-height-mobile-landscape=\"\" style=\"clear:both;display:block;\"><\/div><div class=\"w-actionbox us_custom_ca503390 color_primary controls_bottom\"><div class=\"w-actionbox-text\"><div class=\"w-actionbox-title\" style=\"font-size:35px\">Abra\u00e3o a Concei\u00e7\u00e3o de Jacare\u00ed<\/div><\/div><div class=\"w-actionbox-controls\"><a class=\"w-btn us-btn-style_2\" title=\"Barco de Ilha Grande para Concei\u00e7\u00e3o de Jacare\u00ed\" href=\"https:\/\/booking.toptransferbrasil.com.br\/servicos\/travessias\/travessia-marina-porto-real-vila-do-abraao-ida-e-volta?ida=122\" style=\"font-size:31px;\"><span class=\"w-btn-label\">COMPRAR TICKET AQUI<\/span><\/a><\/div><\/div><div class=\"ult-spacer spacer-69ebbeb65b870\" data-id=\"69ebbeb65b870\" data-height=\"10\" data-height-mobile=\"10\" data-height-tab=\"10\" data-height-tab-portrait=\"\" data-height-mobile-landscape=\"\" style=\"clear:both;display:block;\"><\/div><div class=\"w-actionbox us_custom_36bae6c6 color_primary controls_bottom\"><div class=\"w-actionbox-text\"><div class=\"w-actionbox-title\" style=\"font-size:35px\">Angra dos Reis a Abra\u00e3o<\/div><\/div><div class=\"w-actionbox-controls\"><a class=\"w-btn us-btn-style_2\" title=\"Lancha de Angra dos Reis para Abra\u00e3o (Ilha Grande)\" href=\"https:\/\/booking.toptransferbrasil.com.br\/servicos\/travessias\/travessia-angra-vila-do-abraao-02-trechos?ida=122\" style=\"font-size:31px;\"><span class=\"w-btn-label\">COMPRAR TICKET AQUI<\/span><\/a><\/div><\/div><div class=\"ult-spacer spacer-69ebbeb65ba37\" data-id=\"69ebbeb65ba37\" data-height=\"10\" data-height-mobile=\"10\" data-height-tab=\"10\" data-height-tab-portrait=\"\" data-height-mobile-landscape=\"\" style=\"clear:both;display:block;\"><\/div><div class=\"w-actionbox us_custom_75974957 color_primary controls_bottom\"><div class=\"w-actionbox-text\"><div class=\"w-actionbox-title\" style=\"font-size:35px\">Abra\u00e3o a Angra dos Reis<\/div><\/div><div class=\"w-actionbox-controls\"><a class=\"w-btn us-btn-style_2\" title=\"barco de Abra\u00e3o para Angra dos Reis\" href=\"https:\/\/booking.toptransferbrasil.com.br\/servicos\/travessias\/travessia-angra-vila-do-abraao-02-trechos?ida=122\" style=\"font-size:31px;\"><span class=\"w-btn-label\">COMPRAR TICKET AQUI<\/span><\/a><\/div><\/div><div class=\"ult-spacer spacer-69ebbeb65bbf3\" data-id=\"69ebbeb65bbf3\" data-height=\"10\" data-height-mobile=\"10\" data-height-tab=\"10\" data-height-tab-portrait=\"\" data-height-mobile-landscape=\"\" style=\"clear:both;display:block;\"><\/div><div class=\"w-actionbox us_custom_c8c3d1b0 color_primary controls_bottom\"><div class=\"w-actionbox-text\"><div class=\"w-actionbox-title\" style=\"font-size:35px\">Angra dos Reis a Ara\u00e7atiba y Praia Vermelha<\/div><\/div><div class=\"w-actionbox-controls\"><a class=\"w-btn us-btn-style_2\" title=\"Lanchas para Ara\u00e7atiba &amp; Praia Vermelha\" href=\"https:\/\/booking.toptransferbrasil.com.br\/servicos\/travessias\/travessia-angra-aracatiba-02-trechos?ida=122\" style=\"font-size:31px;\"><span class=\"w-btn-label\">COMPRAR TICKET AQUI<\/span><\/a><\/div><\/div><div class=\"ult-spacer spacer-69ebbeb65bdd8\" data-id=\"69ebbeb65bdd8\" data-height=\"10\" data-height-mobile=\"10\" data-height-tab=\"10\" data-height-tab-portrait=\"\" data-height-mobile-landscape=\"\" style=\"clear:both;display:block;\"><\/div><div class=\"w-actionbox us_custom_948df9d1 color_primary controls_bottom\"><div class=\"w-actionbox-text\"><div class=\"w-actionbox-title\" style=\"font-size:35px\">Ara\u00e7atiba y Praia Vermelha a Angra dos Reis<\/div><\/div><div class=\"w-actionbox-controls\"><a class=\"w-btn us-btn-style_2\" title=\"Barco de\u00a0Ara\u00e7atiba y Praia Vermelha para Angra dos Reis\" href=\"https:\/\/booking.toptransferbrasil.com.br\/servicos\/travessias\/travessia-angra-aracatiba-02-trechos?ida=122\" style=\"font-size:31px;\"><span class=\"w-btn-label\">COMPRAR TICKET AQUI<\/span><\/a><\/div><\/div><div class=\"ult-spacer spacer-69ebbeb65bf9e\" data-id=\"69ebbeb65bf9e\" data-height=\"50\" data-height-mobile=\"50\" data-height-tab=\"50\" data-height-tab-portrait=\"\" data-height-mobile-landscape=\"\" style=\"clear:both;display:block;\"><\/div><div class=\"wpb_text_column\"><div class=\"wpb_wrapper\"><h3><b>Selecciona tu mejor horario para el barco a Ilha Grande<\/b><\/h3>\n<p><span style=\"font-weight: 400;\">Es f\u00e1cil reservar un ticket ida\/vuelta a Ilha Grande.<\/span><\/p>\n<p><span style=\"font-weight: 400;\">Simplemente selecciona la fecha y horario deseado para cruzar a la isla y la fecha\/horario para el regreso.<\/span><\/p>\n<h5><b>\u00bfTodav\u00eda no sabes la fecha de regreso? <\/b><\/h5>\n<p><span style=\"font-weight: 400;\">\u00a1No te preocupes! Si no sabes la fecha de regreso podr\u00e1s seleccionar cualquier fecha\/horario y contactar la compa\u00f1\u00eda para confirmar la fecha correcta cuando est\u00e9s seguro (solo recuerda que las reservaciones podr\u00edan ser cambiadas con 24 horas de anticipaci\u00f3n de la salida reservada).<\/span><\/p>\n<h4><b>\u00bfPor qu\u00e9 reservar tu ticket bote a Ilha Grande con anticipaci\u00f3n?<\/b><\/h4>\n<p><span style=\"font-weight: 400;\">Sabemos cu\u00e1n importante es disfrutar de las vacaciones sin preocupaciones ni imprevistos.<\/span><\/p>\n<p><span style=\"font-weight: 400;\">Por esta raz\u00f3n, reservar con anticipaci\u00f3n disminuye la posibilidad de\u00a0 imprevistos.<\/span><\/p>\n<p><span style=\"font-weight: 400;\">Es mejor tener el ticket reservado y el tiempo marcado antes de llegar a Concei\u00e7\u00e3o de Jacare\u00ed o Angra dos Reis, asi garantizas que tendr\u00e1s el tiempo necesario para llegar al muelle y cruzar a la isla, sin preocupaciones!<\/span><\/p>\n<p><span style=\"font-weight: 400;\">Dej\u00e1ndolo para despu\u00e9s o el mismo d\u00eda del viaje, quiz\u00e1s necesitar\u00e1s esperar en el muelle por asientos disponibles. Porque tomar ese riesgo!<\/span><\/p>\n<p><span style=\"font-weight: 400;\">Puedes reservar el ticket a Abra\u00e3o, Ara\u00e7atiba &amp; Praia Vermelha de Ilha Grande ahora mismo clicando arriba en el respectivo transfer.<\/span><\/p>\n<\/div><\/div><\/div><\/div><\/div><div class=\"vc_col-sm-4 wpb_column vc_column_container\"><div class=\"vc_column-inner\"><div class=\"wpb_wrapper\"><div class=\"w-html\"><a name=\"faq\"><\/a>\n<\/div><div class=\"ult-spacer spacer-69ebbeb65c625\" data-id=\"69ebbeb65c625\" data-height=\"80\" data-height-mobile=\"80\" data-height-tab=\"80\" data-height-tab-portrait=\"\" data-height-mobile-landscape=\"\" style=\"clear:both;display:block;\"><\/div><div class=\"ult_row_spacer\"><div class=\"ult-sticky-anchor\"><div class=\"ult-sticky-section ult-sticky \"  data-gutter= '39' data-stick_behaviour= 'stick_with_scroll_row'  data-sticky_position= 'top' data-mobile='no' data-support='no'><div class=\"wpb_text_column\"><div class=\"wpb_wrapper\"><h3><b>Preguntas Frecuentes<\/b><\/h3>\n<\/div><\/div><div class=\"w-tabs style_default switch_click accordion has_scrolling\" style=\"--sections-title-size:inherit\"><div class=\"w-tabs-sections titles-align_none icon_chevron cpos_right\"><div class=\"w-tabs-section\" id=\"1581443147536-e3b53d66-f9b4\"><button class=\"w-tabs-section-header\" aria-controls=\"content-1581443147536-e3b53d66-f9b4\" aria-expanded=\"false\"><div class=\"w-tabs-section-title\">\u00bfC\u00f3mo recibir\u00e9 mi ticket bote?<\/div><div class=\"w-tabs-section-control\"><\/div><\/button><div  class=\"w-tabs-section-content\" id=\"content-1581443147536-e3b53d66-f9b4\"><div class=\"w-tabs-section-content-h i-cf\"><div class=\"wpb_text_column\"><div class=\"wpb_wrapper\"><p><span style=\"font-weight: 400;\">Luego de haber reservado online tu ticket bote a Ilha Grande, sera generado dicho ticket bote en el mismo momento de la compra. Cuando llegue el bote, la compa\u00f1\u00eda responsable de cruzarte a la isla tendr\u00e1 en su lista tu nombre y n\u00famero de reserva. Es muy importante\u00a0 que completes y certifiques todos los datos en el momento de la compra. Podr\u00e1s mostrar la confirmaci\u00f3n desde tu tel\u00e9fono, lo que indica que no necesitar\u00e1s imprimir el ticket.<\/span><\/p>\n<\/div><\/div><\/div><\/div><\/div><div class=\"w-tabs-section\" id=\"1581443149352-103bc192-57c0\"><button class=\"w-tabs-section-header\" aria-controls=\"content-1581443149352-103bc192-57c0\" aria-expanded=\"false\"><div class=\"w-tabs-section-title\">\u00bfQu\u00e9 pasa si necesito cancelar mi ticket?<\/div><div class=\"w-tabs-section-control\"><\/div><\/button><div  class=\"w-tabs-section-content\" id=\"content-1581443149352-103bc192-57c0\"><div class=\"w-tabs-section-content-h i-cf\"><div class=\"wpb_text_column\"><div class=\"wpb_wrapper\"><p><b>Pol\u00edticas de cancelamiento de tickets de barco a Ilha Grande<\/b><\/p>\n<ol>\n<li><span style=\"font-weight: 400;\">Para cancelamientos <\/span><b>con 72 horas previas<\/b><span style=\"font-weight: 400;\"> a la salida del servicio, el valor ser\u00e1 reembolsado integralmente o podr\u00eda ser transformado en cr\u00e9dito.<\/span><\/li>\n<li>Cancelamientos <b>con 24 horas previas <\/b>a la salida del servicio, el valor ser\u00e1 reembolsado parcialmente de un 50% o podr\u00eda ser transformado en cr\u00e9dito.<\/li>\n<li>Cancelamientos solicitados el mismo d\u00eda del servicio o con menos de 24 horas de anticipaci\u00f3n, ning\u00fan reembolso no aplica!<\/li>\n<li><span style=\"font-weight: 400;\">Ser\u00e1 considerado <\/span><b>NO SHOW<\/b><span style=\"font-weight: 400;\"> cuando el pasajero(s) no se encuentre en el local y\/o en el horario marcado. El servicio es cobrado integralmente, no aplica el derecho a reembolso ni de re-agendamiento.<\/span><\/li>\n<\/ol>\n<p><b>REGLAS DE CREDITO<\/b><\/p>\n<p><span style=\"font-weight: 400;\">Aquellos clientes que ya reservaron o que tengan una reserva confirmada por medio de se\u00f1a o pago integral del servicio, podr\u00edan reprogramar su viaje y transformar el valor pagado en cr\u00e9dito siguiendo las siguientes reglas:<\/span><\/p>\n<p><span style=\"font-weight: 400;\">Cr\u00e9dito con validez de hasta 1 a\u00f1o, contando a partir del d\u00eda que la reserva fue realizada.<\/span><\/p>\n<p><span style=\"font-weight: 400;\">En caso de se\u00f1as, el valor utilizado ser\u00e1 usado para cubrir parte del nuevo servicio solicitado tomando en cuenta el tarifario vigente de la nueva fecha.<\/span><\/p>\n<p><span style=\"font-weight: 400;\">En caso de pago total, los servicios contratados podr\u00e1n ser re-agendados sin tomar en cuenta el tarifario actualizado de la nueva fecha de viaje, siempre y cuando sea para el mismo n\u00famero de personas y trechos.<\/span><\/p>\n<\/div><\/div><\/div><\/div><\/div><div class=\"w-tabs-section\" id=\"1581443920314-8166ea90-9a24\"><button class=\"w-tabs-section-header\" aria-controls=\"content-1581443920314-8166ea90-9a24\" aria-expanded=\"false\"><div class=\"w-tabs-section-title\">\u00bfQu\u00e9 pasar\u00eda si pierdo el barco?<\/div><div class=\"w-tabs-section-control\"><\/div><\/button><div  class=\"w-tabs-section-content\" id=\"content-1581443920314-8166ea90-9a24\"><div class=\"w-tabs-section-content-h i-cf\"><div class=\"wpb_text_column\"><div class=\"wpb_wrapper\"><p><span style=\"font-weight: 400;\">Si piensas que vas a perder el ticket reservado, contacta inmediatamente a la compa\u00f1\u00eda que aparece en el ticket bote reservado\u00a0 y pregunta para cambiar a un nuevo horario.\u00a0<\/span><\/p>\n<p><span style=\"font-weight: 400;\">Cada compa\u00f1\u00eda tiene sus propias reglas de cambio de tickets y puedes leer sobre ello.<\/span><\/p>\n<p><span style=\"font-weight: 400;\">Sin aviso previo, desafortunadamente ser\u00e1 cobrado una tarifa del 30% del ticket reservado, recordando que ser\u00e1s embarcado en el pr\u00f3ximo horario con disponibilidad.<\/span><\/p>\n<p><span style=\"font-weight: 400;\">Atenci\u00f3n: Cuidado de no perder el \u00faltimo barco ya que no habr\u00e1 otro medio para llegar a la isla, por tanto, perdiendo este \u00faltimo horario solo podr\u00edas atravesar la isla. \u00a1Una noche menos en el para\u00edso, es un pecado!<\/span><\/p>\n<p><span style=\"font-weight: 400;\">En general, las compa\u00f1\u00edas trataran de ubicarte en la pr\u00f3xima salida disponible, sin embargo, no es una obligaci\u00f3n. En algunos caso, podr\u00edan cobrarte un extra por re-agendar.<\/span><\/p>\n<p><span style=\"font-weight: 400;\"><strong>Importante:<\/strong> Ten cuidado de no perder el \u00faltimo bote del d\u00eda, porque no ser\u00e1 posible cruzar la isla hasta el pr\u00f3ximo d\u00eda y eso quiere decir un d\u00eda menos en el para\u00edso.<\/span><\/p>\n<\/div><\/div><\/div><\/div><\/div><div class=\"w-tabs-section\" id=\"1581444273345-08438e10-3154\"><button class=\"w-tabs-section-header\" aria-controls=\"content-1581444273345-08438e10-3154\" aria-expanded=\"false\"><div class=\"w-tabs-section-title\">Politicas de reembolso<\/div><div class=\"w-tabs-section-control\"><\/div><\/button><div  class=\"w-tabs-section-content\" id=\"content-1581444273345-08438e10-3154\"><div class=\"w-tabs-section-content-h i-cf\"><div class=\"wpb_text_column\"><div class=\"wpb_wrapper\"><p><span style=\"font-weight: 400;\">Una vez que hayas comprado el ticket-bote, el reembolso s\u00f3lo podr\u00e1 ser solicitado y confirmado por el mismo medio que fue comprado el servicio.<\/span><span style=\"font-weight: 400;\"><br \/>\n<\/span><span style=\"font-weight: 400;\"><br \/>\n<\/span><span style=\"font-weight: 400;\">Si realizaste la reserva a trav\u00e9s de esta pagina web, escribenos a <\/span><a href=\"mailto:info@travessiailhagrande.com\"><span style=\"font-weight: 400;\">info@travessiailhagrande.com<\/span><\/a><span style=\"font-weight: 400;\"> inform\u00e1ndonos el c\u00f3digo de reserva en el t\u00edtulo del e-mail.<\/span><span style=\"font-weight: 400;\"><br \/>\n<\/span><span style=\"font-weight: 400;\"><br \/>\n<\/span><span style=\"font-weight: 400;\">Para m\u00e1s informaci\u00f3n sobre reembolsos y sus pol\u00edticas, chequea encima en \u201cPol\u00edticas de cancelamiento\u201d.<\/span><\/p>\n<\/div><\/div><\/div><\/div><\/div><div class=\"w-tabs-section\" id=\"1581444351876-043c8cd2-4dc5\"><button class=\"w-tabs-section-header\" aria-controls=\"content-1581444351876-043c8cd2-4dc5\" aria-expanded=\"false\"><div class=\"w-tabs-section-title\">\u00bfC\u00f3mo modifico la fecha\/horario?<\/div><div class=\"w-tabs-section-control\"><\/div><\/button><div  class=\"w-tabs-section-content\" id=\"content-1581444351876-043c8cd2-4dc5\"><div class=\"w-tabs-section-content-h i-cf\"><div class=\"wpb_text_column\"><div class=\"wpb_wrapper\"><p><span style=\"font-weight: 400;\">Para alterar la fecha y\/o horario, solo podr\u00eda ser posible 24 horas previas a la salida del servicio contratado y dicho cambios est\u00e1 sujeto a la disponibilidad para el d\u00eda y horario deseado.<\/span><\/p>\n<\/div><\/div><\/div><\/div><\/div><div class=\"w-tabs-section\" id=\"1581444545834-79435bb4-e8f1\"><button class=\"w-tabs-section-header\" aria-controls=\"content-1581444545834-79435bb4-e8f1\" aria-expanded=\"false\"><div class=\"w-tabs-section-title\">\u00bfMalas condiciones clim\u00e1ticas, el barco saldr\u00eda?<\/div><div class=\"w-tabs-section-control\"><\/div><\/button><div  class=\"w-tabs-section-content\" id=\"content-1581444545834-79435bb4-e8f1\"><div class=\"w-tabs-section-content-h i-cf\"><div class=\"wpb_text_column\"><div class=\"wpb_wrapper\"><p><span style=\"font-weight: 400;\">Cancelaciones por malas condiciones no ocurre frecuentemente, pero todos los barcos se rigen por las \u00f3rdenes de la autoridad portuaria (\u00f3rgano responsable de las navegaciones de esa area). Las navegaciones en altamar son canceladas cuando las condiciones clim\u00e1ticas no son las ideales o seguras.<\/span><\/p>\n<\/div><\/div><\/div><\/div><\/div><div class=\"w-tabs-section\" id=\"1581444638864-046c0ea0-3e51\"><button class=\"w-tabs-section-header\" aria-controls=\"content-1581444638864-046c0ea0-3e51\" aria-expanded=\"false\"><div class=\"w-tabs-section-title\">\u00bfCuales son los equipos de seguridad presentes en los barcos?<\/div><div class=\"w-tabs-section-control\"><\/div><\/button><div  class=\"w-tabs-section-content\" id=\"content-1581444638864-046c0ea0-3e51\"><div class=\"w-tabs-section-content-h i-cf\"><div class=\"wpb_text_column\"><div class=\"wpb_wrapper\"><p><span style=\"font-weight: 400;\">Tenemos un <span style=\"color: #808080;\"><a style=\"color: #808080;\" href=\"https:\/\/www.ativanautica.com.br\/en\/seguranca.php\" target=\"_blank\" rel=\"nofollow noopener\">equipo de seguridad<\/a><\/span> del 100% el cual es inspeccionado y regido por las autoridades portuarias, todos los barco deben esta provisto de chalecos salvavidas para todos los pasajeros (protecci\u00f3n individual), radio de comunicaci\u00f3n (en caso de emergencia), as\u00ed como toda aquella se\u00f1alizaci\u00f3n de navegaci\u00f3n necesaria para un viaje seguro.<\/span><\/p>\n<p>\u00a1Compra el boleto de barco a Ilha Grande que es el m\u00e1s seguro!<\/p>\n<\/div><\/div><\/div><\/div><\/div><\/div><\/div><\/div><div class=\"ult-space\"><\/div><\/div><\/div><\/div><\/div><\/div><\/div><\/div><\/section>\n","protected":false},"excerpt":{"rendered":"Billete de lanchas a Ilha Grande: valores y horarios \u00bfVas a visitar Ilha Grande? \u00bfSabias que puedes reservar tu tickets de barco a Ilha Grande con anticipacion saliendo de Concei\u00e7\u00e3o de Jacare\u00ed o Angra dos Reis? Reservando con anticipaci\u00f3n garantizas tu asiento en el bote y evitar\u00e1s el riesgo de tener que esperar en el...","protected":false},"author":1,"featured_media":0,"parent":0,"menu_order":0,"comment_status":"closed","ping_status":"closed","template":"","meta":{"footnotes":""},"class_list":["post-269","page","type-page","status-publish","hentry"],"_links":{"self":[{"href":"https:\/\/travessiailhagrande.com\/es\/wp-json\/wp\/v2\/pages\/269","targetHints":{"allow":["GET"]}}],"collection":[{"href":"https:\/\/travessiailhagrande.com\/es\/wp-json\/wp\/v2\/pages"}],"about":[{"href":"https:\/\/travessiailhagrande.com\/es\/wp-json\/wp\/v2\/types\/page"}],"author":[{"embeddable":true,"href":"https:\/\/travessiailhagrande.com\/es\/wp-json\/wp\/v2\/users\/1"}],"replies":[{"embeddable":true,"href":"https:\/\/travessiailhagrande.com\/es\/wp-json\/wp\/v2\/comments?post=269"}],"version-history":[{"count":14,"href":"https:\/\/travessiailhagrande.com\/es\/wp-json\/wp\/v2\/pages\/269\/revisions"}],"predecessor-version":[{"id":3267,"href":"https:\/\/travessiailhagrande.com\/es\/wp-json\/wp\/v2\/pages\/269\/revisions\/3267"}],"wp:attachment":[{"href":"https:\/\/travessiailhagrande.com\/es\/wp-json\/wp\/v2\/media?parent=269"}],"curies":[{"name":"wp","href":"https:\/\/api.w.org\/{rel}","templated":true}]}}