{"id":205,"date":"2019-12-30T16:37:56","date_gmt":"2019-12-30T16:37:56","guid":{"rendered":"https:\/\/travessiailhagrande.com\/?page_id=205"},"modified":"2019-12-30T16:37:56","modified_gmt":"2019-12-30T16:37:56","slug":"transfers","status":"publish","type":"page","link":"https:\/\/travessiailhagrande.com\/es\/transfers\/","title":{"rendered":"Transfers"},"content":{"rendered":"<section class=\"l-section wpb_row height_medium\"><div class=\"l-section-h i-cf\"><div class=\"g-cols vc_row via_flex valign_top type_default stacking_default\"><div class=\"vc_col-sm-12 wpb_column vc_column_container\"><div class=\"vc_column-inner\"><div class=\"wpb_wrapper\"><div class=\"wpb_text_column\"><div class=\"wpb_wrapper\"><h1>Transfer a Ilha Grande<\/h1>\n<\/div><\/div><div class=\"wpb_text_column\"><div class=\"wpb_wrapper\"><p>Tambi\u00e9n ofrecemos traslados privados y regulares desde R\u00edo de Janeiro y Paraty, que incluyen su boleto de barco desde Concei\u00e7\u00e3o de Jacarei a Abra\u00e3o.<\/p>\n<h2>Rio a Ilha Grande (incluye el ticket del barco)<\/h2>\n<p><em>Si deseas viajar de Rio de Janeiro a Abra\u00e3o en Ilha Grande, podemos pasar a buscarte en una movilidad de transporte compartido (van\/furgoneta) o en un coche privado. Tambi\u00e9n podemos recogerte del aeropuerto, de tu hotel o apartamento.<\/em><\/p>\n<p><strong><em>Rio de Janeiro Ciudad a Ilha Grande &#8211; Transporte Compartido<\/em><\/strong><strong>\u00a0\u00a0 <\/strong><\/p>\n<p><em>El transporte compartido tiene salidas de Rio de Janeiro 3 veces por d\u00eda y te llevar\u00e1 a\u00a0 Concei\u00e7\u00e3o de Jacare\u00ed, donde se te dar\u00e1 un ticket para nuestro pr\u00f3ximo barco con salida programada. Nuestros barcos te llevar\u00e1n a Abr\u00e3ao (principal puerto en Ilha Grande). Elige ticket solo de ida o ida y vuelta. A tu retorno es, posible dejarte en otra direcci\u00f3n en R\u00edo de Janeiro e inclusive en el aeropuerto.<\/em><\/p>\n<p><strong><em>Rio de Janeiro Aeropuerto GIG a Ilha Grande &#8211; Transporte Compartido<\/em><\/strong><\/p>\n<p><em>Hay 3 salidas diarias de transporte compartido (furgonetas\/vans) que te llevar\u00e1n desde un punto de encuentro designado fuera de la terminal de embarque n\u00famero 2, hasta Concei\u00e7\u00e3o de Jacare\u00ed.\u00a0 Al llegar recibir\u00e1s tu ticket, para el siguiente barco con salida programada; que te llevar\u00e1 a Abra\u00e3o, el principal puerto de Ilha Grande. Si reservas ida y vuelta, tambi\u00e9n se te dar\u00e1 el ticket para el barco de retorno y al llegar, te estar\u00e1 esperando tu transporte de retorno al aeropuerto a cualquier otro punto en R\u00edo de Janeiro. <\/em><\/p>\n<p><strong><em>Aeropuerto SDU a Ilha Grande &#8211; Transporte Compartido<\/em><\/strong><strong>\u00a0 <\/strong><\/p>\n<p><em>Toma alguno de nuestros 3 transportes compartidos diarios (furgonetas\/vans) que pasan por el aeropuerto Santos Dumont y te llevar\u00e1 al puerto de Concei\u00e7\u00e3o de Jacare\u00ed.\u00a0 Al llegar all\u00e1, recibir\u00e1s tu pasaje para el siguiente barco con salida programada que te llevar\u00e1 a Abra\u00e3o, el principal puerto de Ilha Grande.<\/em><\/p>\n<p><strong>Rio Ciudad o Aeropuertos de Rio a Ilha Grande &#8211; Transfer Privado\u00a0\u00a0 <\/strong><\/p>\n<p><em>Un transfer privado te dar\u00e1 un servicio m\u00e1s r\u00e1pido y personalizado que los transportes compartidos. Hay m\u00e1s salidas disponibles para llevarte a Concei\u00e7\u00e3o de Jacare\u00ed, donde se te dar\u00e1 un ticket para el siguiente barco con salida programada que te llevar\u00e1 al puerto de Abra\u00e3o en Ilha Grande. <\/em><em>Si est\u00e1s llegando por avi\u00f3n, tu chofer estar\u00e1 esperando para recibirte en el aeropuerto con un letrero con tu nombre y si est\u00e1s alojado en un hotel o apartamento en la ciudad, el chofer pasar\u00e1 a recogerte desde ese punto. <\/em><\/p>\n<p><strong><em>Paraty a Ilha Grande (incluye ticket de barco)<\/em><\/strong><\/p>\n<p><em>Ahora es f\u00e1cil para t\u00ed ir desde Paraty a Ilha Grande. Existen varias salidas diarias de transportes compartidos (vans\/furgonetas) que recogiendote en Paraty o en la vecina Jabaquara, siguen ruta al norte para llegar en pocas horas al puerto de Concei\u00e7\u00e3o de Jacare\u00ed. All\u00e1 recibir\u00e1s tu pasaje para el siguiente barco con salida programada hacia el puerto de Abr\u00e3ao en Ilha Grande.<\/em><\/p>\n<h2>Ilha Grande a Rio (incluye ticket de barco)<\/h2>\n<p><em>Hay 3 salidas diarias en el transfer combinado Barco\/Furgoneta compartida, desde el puerto de Abra\u00e3o en Ilha Grande. Tienes que llegar a nuestra agencia en Abr\u00e3ao al menos 15 minutos antes de la salida del barco y all\u00e1 se te dar\u00e1 tu pasaje y alguien te acompa\u00f1ar\u00e1 hasta el barco que te llevar\u00e1 a Concei\u00e7\u00e3o de Jacare\u00ed. Al llegar al continente, haces el trasbordo al transporte compartido (furgoneta\/van) que te llevar\u00e1 a R\u00edo de Janeiro, pudiendo all\u00e1 dejarte en cualquiera de los aeropuertos o a alguno de los barrios populares dentro de la ciudad.<\/em><\/p>\n<h2>Ilha Grande a Paraty (incluye ticket de barco)<\/h2>\n<p><em>Elige de una de las 3 salidas diarias de Abra\u00e3o en Ilha Grande hacia Paraty. Despu\u00e9s del encuentro\/check in en nuestra agencia, ser\u00e1s acompa\u00f1ado hasta nuestro barco con salida hacia Concei\u00e7\u00e3o de Jacare\u00ed. Llegando al muelle, ser\u00e1s acompa\u00f1ado hasta la furgoneta (van) compartida; que te llevar\u00e1 por 2 horas hacia el sur, para dejarte en tu alojamiento en Paraty o en la vecina Jabaquara. <\/em><\/p>\n<\/div><\/div><\/div><\/div><\/div><\/div><\/div><\/section>\n","protected":false},"excerpt":{"rendered":"Transfer a Ilha Grande Tambi\u00e9n ofrecemos traslados privados y regulares desde R\u00edo de Janeiro y Paraty, que incluyen su boleto de barco desde Concei\u00e7\u00e3o de Jacarei a Abra\u00e3o. Rio a Ilha Grande (incluye el ticket del barco) Si deseas viajar de Rio de Janeiro a Abra\u00e3o en Ilha Grande, podemos pasar a buscarte en una...","protected":false},"author":1,"featured_media":0,"parent":0,"menu_order":0,"comment_status":"closed","ping_status":"closed","template":"","meta":{"footnotes":""},"class_list":["post-205","page","type-page","status-publish","hentry"],"_links":{"self":[{"href":"https:\/\/travessiailhagrande.com\/es\/wp-json\/wp\/v2\/pages\/205","targetHints":{"allow":["GET"]}}],"collection":[{"href":"https:\/\/travessiailhagrande.com\/es\/wp-json\/wp\/v2\/pages"}],"about":[{"href":"https:\/\/travessiailhagrande.com\/es\/wp-json\/wp\/v2\/types\/page"}],"author":[{"embeddable":true,"href":"https:\/\/travessiailhagrande.com\/es\/wp-json\/wp\/v2\/users\/1"}],"replies":[{"embeddable":true,"href":"https:\/\/travessiailhagrande.com\/es\/wp-json\/wp\/v2\/comments?post=205"}],"version-history":[{"count":1,"href":"https:\/\/travessiailhagrande.com\/es\/wp-json\/wp\/v2\/pages\/205\/revisions"}],"predecessor-version":[{"id":206,"href":"https:\/\/travessiailhagrande.com\/es\/wp-json\/wp\/v2\/pages\/205\/revisions\/206"}],"wp:attachment":[{"href":"https:\/\/travessiailhagrande.com\/es\/wp-json\/wp\/v2\/media?parent=205"}],"curies":[{"name":"wp","href":"https:\/\/api.w.org\/{rel}","templated":true}]}}