{"id":178,"date":"2019-11-19T17:17:48","date_gmt":"2019-11-19T17:17:48","guid":{"rendered":"https:\/\/travessiailhagrande.com\/conceicao-de-jacarei\/"},"modified":"2021-05-24T21:18:31","modified_gmt":"2021-05-24T21:18:31","slug":"como-llegar-a-conceicao-de-jacarei","status":"publish","type":"page","link":"https:\/\/travessiailhagrande.com\/es\/como-llegar-a-conceicao-de-jacarei\/","title":{"rendered":"C\u00f3mo llegar a Concei\u00e7\u00e3o de Jacare\u00ed"},"content":{"rendered":"<section class=\"l-section wpb_row height_medium\"><div class=\"l-section-h i-cf\"><div class=\"g-cols vc_row via_flex valign_top type_default stacking_default\"><div class=\"vc_col-sm-12 wpb_column vc_column_container\"><div class=\"vc_column-inner\"><div class=\"wpb_wrapper\"><div class=\"wpb_text_column\"><div class=\"wpb_wrapper\"><\/div><\/div><div class=\"wpb_text_column\"><div class=\"wpb_wrapper\"><h2><strong>C\u00f3mo ir a Concei\u00e7\u00e3o de Jacare\u00ed: t<\/strong><b>rayectos, sugerencias y m\u00e1s?<\/b><\/h2>\n<p>Los tres medios m\u00e1s simples de llegar a Concei\u00e7\u00e3o de Jacare\u00ed seria por carro, transfer o por bus y en todos los\u00a0 casos debes tomar la v\u00eda nacional BR 101 \u2013 Rio Santos y a la altura del Km 455\u00a0 te llevar\u00e1 hasta Concei\u00e7\u00e3o de Jacare\u00ed.<\/p>\n<p>La principal raz\u00f3n de parar en Concei\u00e7\u00e3o de Jacare\u00ed es porque es considerado el mejor lugar para cruzar por lancha a Ilha Grande.<\/p>\n<p>Lee y descubre d\u00f3nde est\u00e1 ubicada y cual es el mejor camino para llegar desde las siguientes ciudades:<\/p>\n<ul>\n<li><a href=\"#rio\">Rio de Janeiro y aeropuertos<\/a><\/li>\n<li><a href=\"#Sao Paulo\">Sao Paulo<\/a><\/li>\n<li><a href=\"#Paraty\">Paraty<\/a><\/li>\n<\/ul>\n<p><img loading=\"lazy\" decoding=\"async\" class=\"wp-image-1974 aligncenter\" src=\"https:\/\/travessiailhagrande.com\/wp-content\/uploads\/2021\/05\/Como-llegar-a-Conceicao-de-Jacarei.jpg\" alt=\"C\u00f3mo ir a Concei\u00e7\u00e3o de Jacare\u00ed\" width=\"901\" height=\"471\" srcset=\"https:\/\/travessiailhagrande.com\/wp-content\/uploads\/2021\/05\/Como-llegar-a-Conceicao-de-Jacarei.jpg 1200w, https:\/\/travessiailhagrande.com\/wp-content\/uploads\/2021\/05\/Como-llegar-a-Conceicao-de-Jacarei-300x157.jpg 300w, https:\/\/travessiailhagrande.com\/wp-content\/uploads\/2021\/05\/Como-llegar-a-Conceicao-de-Jacarei-1024x536.jpg 1024w\" sizes=\"auto, (max-width: 901px) 100vw, 901px\" \/><\/p>\n<h3><b>\u00bfDonde est\u00e1 ubicada Concei\u00e7\u00e3o de Jacare\u00ed?<\/b><\/h3>\n<p>Concei\u00e7\u00e3o de Jacare\u00ed es el segundo distrito de la ciudad de Mangaratiba, municipio de Rio de Janeiro localizado en el l\u00edmite del municipio Angra dos Reis. Concei\u00e7\u00e3o de Jacare\u00ed tiene alrededor de 3000 habitantes, donde encontrar\u00e1s restaurantes, posadas, minimercados, farmacias y gasolinera.<\/p>\n<p>Para aquellos que desean visitar Ilha Grande, Concei\u00e7\u00e3o de Jacare\u00ed es el lugar perfecto y m\u00e1s cerca de la ciudad de Abraao el cual es el principal punto de acceso en Ilha Grande. El mayor movimiento de Concei\u00e7\u00e3o de Jacare\u00ed seria en la playa, cerca del muelle tur\u00edstico desde donde salen nuestros lanchas r\u00e1pidas a Ilha Grande.<\/p>\n<p><img loading=\"lazy\" decoding=\"async\" class=\"aligncenter wp-image-2193 size-large\" src=\"https:\/\/travessiailhagrande.com\/wp-content\/uploads\/2021\/05\/Spanish-ilha-abraao-travessia-transfer-1ganuc5-1024x683.jpg\" alt=\"Donde se encuentra Concei\u00e7\u00e3o de Jacare\u00ed\" width=\"1024\" height=\"683\" srcset=\"https:\/\/travessiailhagrande.com\/wp-content\/uploads\/2021\/05\/Spanish-ilha-abraao-travessia-transfer-1ganuc5-1024x683.jpg 1024w, https:\/\/travessiailhagrande.com\/wp-content\/uploads\/2021\/05\/Spanish-ilha-abraao-travessia-transfer-1ganuc5-300x200.jpg 300w, https:\/\/travessiailhagrande.com\/wp-content\/uploads\/2021\/05\/Spanish-ilha-abraao-travessia-transfer-1ganuc5-600x400.jpg 600w, https:\/\/travessiailhagrande.com\/wp-content\/uploads\/2021\/05\/Spanish-ilha-abraao-travessia-transfer-1ganuc5.jpg 1200w\" sizes=\"auto, (max-width: 1024px) 100vw, 1024px\" \/><\/p>\n<p><b>Importante:<\/b><\/p>\n<p>Tanto Concei\u00e7\u00e3o de Jacare\u00ed como Abra\u00e3o de Ilha Grande, no poseen bancos! Por esto sugerimos llevar efectivo, pese a que la mayor\u00eda de los comercios aceptan tarjeta de cr\u00e9dito.<\/p>\n<p>Haz click en el mapa abajo, detalla la ruta v\u00eda\u00a0\u00a0<strong>Google Maps<\/strong>.<\/p>\n<p><iframe loading=\"lazy\" tabindex=\"0\" src=\"https:\/\/www.google.com\/maps\/embed?pb=!1m18!1m12!1m3!1d3671.7654832365624!2d-44.16245344870757!3d-23.03238144808295!2m3!1f0!2f0!3f0!3m2!1i1024!2i768!4f13.1!3m3!1m2!1s0x9c439055a43a33%3A0x382b9994bccfd029!2zQ2FpcyBUdXLDrXN0aWNvIGRlIENvbmNlacOnw6NvIGRlIEphY2FyZcOt!5e0!3m2!1spt-BR!2spt!4v1591119150070!5m2!1spt-BR!2spt\" width=\"600\" height=\"450\" frameborder=\"0\" allowfullscreen=\"allowfullscreen\" aria-hidden=\"false\" data-mce-fragment=\"1\"><\/iframe><\/p>\n<p>A continuaci\u00f3n, veras las mejores rutas para llegar a Concei\u00e7\u00e3o de Jacare\u00ed\u00a0 desde Rio de Janeiro, S\u00e3o Paulo, y Paraty.<\/p>\n<p><a name=\"rio\"><\/a><\/p>\n<h3><b>\u00bfC\u00f3mo llegar a Concei\u00e7\u00e3o de Jacare\u00ed desde Rio de Janeiro?<\/b><\/h3>\n<p>Concei\u00e7\u00e3o de Jacare\u00ed\u00a0 queda a 150 Km de la capital del estado de R\u00edo y toma alrededor de 2h para llegar desde carro o 2h30 de bus.<\/p>\n<h4><b>De Carro<\/b><\/h4>\n<p>Desde el interior de la ciudad o desde el aeropuerto\u00a0<a href=\"https:\/\/www.riogaleao.com\/passageiros\/painel-de-voo\" target=\"_blank\" rel=\"noopener\">Rio Galeao (GIG)<\/a>\u00a0o desde el Aeropuerto Santos Dumont (SDU) , entre en la principal Rio \u2013 Santos BR101 asi que puedas y contin\u00faa al sur, siga por\u00a0 Mangaratiba y continua que\u00a0 llegaras a la ciudad de Concei\u00e7\u00e3o de Jacare\u00ed. La playa queda a su izquierda y debes cruzar la carretera para encontrar el muelle tur\u00edstico.<\/p>\n<h4><b>De bus<\/b><\/h4>\n<p>El bus desde Rio de Janeiro a Conceicao de Jacarei es operado por la compa\u00f1\u00eda\u00a0<a href=\"https:\/\/www.costaverdetransportes.com.br\/\" target=\"_blank\" rel=\"noopener\">Costa Verde Transportes<\/a>, la cual ofrece 8 salidas por dia que sales desde el terminal Rodovi\u00e1rio Novo Rio. Como Concei\u00e7\u00e3o de Jacare\u00ed no tiene terminal de bus, informa al conductor hacer una parada en la carretera, a 300 metros caminando de la playa encontrar\u00e1s Concei\u00e7\u00e3o de Jacare\u00ed<\/p>\n<p>Planea tu viaje y compra con anticipaci\u00f3n el boleto de bus en la p\u00e1gina web de la compa\u00f1\u00eda de bus.<\/p>\n<h4><b>De transfer<\/b><\/h4>\n<p>Si eres de aquellos que optas por la comodidad y practicidad, tambien tendrias la opcion de hacer ese destino a Concei\u00e7\u00e3o de Jacare\u00ed usando el transfer por\u00a0<a href=\"https:\/\/travessiailhagrande.com\/?lang=es\"><em>Travessia Ilha Grande<\/em><\/a>.<\/p>\n<p>&nbsp;<\/p>\n<p><img loading=\"lazy\" decoding=\"async\" class=\"aligncenter wp-image-2199 size-full\" src=\"https:\/\/travessiailhagrande.com\/wp-content\/uploads\/2021\/05\/Transfer-de-Rio-a-Conceicao-do-Jacarei.jpg\" alt=\"Transfer de Rio a Conceicao do Jacarei\" width=\"728\" height=\"90\" srcset=\"https:\/\/travessiailhagrande.com\/wp-content\/uploads\/2021\/05\/Transfer-de-Rio-a-Conceicao-do-Jacarei.jpg 728w, https:\/\/travessiailhagrande.com\/wp-content\/uploads\/2021\/05\/Transfer-de-Rio-a-Conceicao-do-Jacarei-300x37.jpg 300w\" sizes=\"auto, (max-width: 728px) 100vw, 728px\" \/><\/p>\n<p>&nbsp;<\/p>\n<p>Hay varias salidas diarias de puerta a puerta, que pasan por los siguientes barrios:<\/p>\n<p>Copacabana;<br \/>\nLeblon;<br \/>\nIpanema;<br \/>\nLeme;<br \/>\nBotafogo;<br \/>\nCatete;<br \/>\nGl\u00f3ria;<br \/>\nLapa;<br \/>\nSanta Teresa;<br \/>\nCentro;<\/p>\n<p>Cuando todos los pasajeros sean buscados, viajar\u00e1n por 2 horas al sur hasta Concei\u00e7\u00e3o de Jacare\u00ed. Si su destino final es Abraao \u2013 Ilha Grande, contratando nuestro servicios de transfer el ticket del barco ya est\u00e1 incluido.<\/p>\n<p style=\"text-align: center;\"><span style=\"color: #ff0000;\">\u00bb\u00bb \u00bfQUIERES M\u00c1S INFORMACI\u00d3N SOBRE EL TRANSFER A CONCEI\u00c7\u00c3O DE JACARE\u00cd DESDE RIO DE JANEIRO?<\/span><\/p>\n<p>Con este transfer, t\u00fa:<\/p>\n<ul>\n<li>Evitar\u00e1s el estress de manejar en v\u00edas desconocidas o tener que dirigirte al terminal de b\u00fas para tomar el autob\u00fas.<\/li>\n<li>No tendr\u00edas\u00a0 preocupaci\u00f3n de d\u00f3nde dejar el veh\u00edculo durante la estad\u00eda.<\/li>\n<li>Aseguras que embarcaras el barco en el pr\u00f3ximo horario disponible.<\/li>\n<li>Har\u00e1s el pago anticipado con diferentes opciones de pago.<\/li>\n<\/ul>\n<p><a name=\"Sao Paulo\"><\/a><img loading=\"lazy\" decoding=\"async\" class=\"aligncenter wp-image-2196 size-full\" src=\"https:\/\/travessiailhagrande.com\/wp-content\/uploads\/2021\/05\/Como-ir-Conceicao-de-Jacarei.jpg\" alt=\"Como ir para Concei\u00e7\u00e3o de Jacare\u00ed\" width=\"1200\" height=\"400\" srcset=\"https:\/\/travessiailhagrande.com\/wp-content\/uploads\/2021\/05\/Como-ir-Conceicao-de-Jacarei.jpg 1200w, https:\/\/travessiailhagrande.com\/wp-content\/uploads\/2021\/05\/Como-ir-Conceicao-de-Jacarei-300x100.jpg 300w, https:\/\/travessiailhagrande.com\/wp-content\/uploads\/2021\/05\/Como-ir-Conceicao-de-Jacarei-1024x341.jpg 1024w\" sizes=\"auto, (max-width: 1200px) 100vw, 1200px\" \/><\/p>\n<h3><b>\u00bfC\u00f3mo llegar a Concei\u00e7\u00e3o de Jacare\u00ed desde S\u00e3o Paulo?<\/b><\/h3>\n<h4><b>De Carro<\/b><\/h4>\n<p>Concei\u00e7\u00e3o de Jacare\u00ed queda a 400 km de Sao Paulo y toma alrededor de 6h para viajar de carro. La ruta m\u00e1s r\u00e1pida es salir de la ciudad por la BR 116 norte, como si estuvieras yendo para R\u00edo de Janeiro. Luego despu\u00e9s de la redoma gira por la carretera RJ-149 en direcci\u00f3n a Mangaratiba hasta llegar a la BR101 y continua al sur para Concei\u00e7\u00e3o de Jacare\u00ed. La carretera atraviesa la ciudad y encontrar\u00e1s la playa y el muelle tur\u00edstico a pocas calles a la izquierda.<\/p>\n<h4><b>De Bus<\/b><\/h4>\n<p>No hay un bus directo desde Sao Paulo a\u00a0 Concei\u00e7\u00e3o de Jacare\u00ed. Hay una compa\u00f1ia de bus llamada\u00a0<a href=\"https:\/\/www.reunidaspaulista.com.br\/\" target=\"_blank\" rel=\"noopener\">Reunidas Paulista<\/a>\u00a0la cual tiene salida diarias desde la Terminal Tiete a Angra dos Reis, una pueblo ubicado a 40 minutos de al sur de Concei\u00e7\u00e3o de Jacare\u00ed. Desde Angra dos Reis tambien encontraras botes saliendo a\u00a0<a href=\"https:\/\/travessiailhagrande.com\/boat-from-angra-dos-reis-to-abraao\/?lang=en\">Vila do Abra\u00e3o<\/a>,\u00a0asi como botes saliendo a\u00a0<a href=\"https:\/\/travessiailhagrande.com\/boat-to-aracatiba-praia-vermelha\/?lang=en\">Ara\u00e7atiba &amp; Praia Vermelha<\/a>\u00a0de Ilha Grande.<\/p>\n<p>&nbsp;<\/p>\n<p><a name=\"Paraty\"><\/a><\/p>\n<h3><b>\u00bfC\u00f3mo llegar a Concei\u00e7\u00e3o de Jacare\u00ed desde Paraty?<\/b><\/h3>\n<p>Paraty es un popular pueblo colonial a 2 horas de Concei\u00e7\u00e3o de Jacare\u00ed y muchos viajeros visitan Ilha Grande desde all\u00ed.<\/p>\n<h4><b>De Carro<\/b><\/h4>\n<p>Si est\u00e1s manejando, simplemente viaja 135 km al norte por la BR 101 en direcci\u00f3n a R\u00edo de Janeiro y una vez est\u00e9s a la altura de Concei\u00e7\u00e3o de Jacare\u00ed, encontrar\u00e1s el muelle tur\u00edstico a 300 metros desde la autopista a tu derecha.<\/p>\n<h4><b>De Transfer<\/b><\/h4>\n<p>Hay transfer regulares que salen diariamente desde Paraty a Ilha Grande v\u00eda Concei\u00e7\u00e3o de Jacare\u00ed. Podr\u00e1s ser buscado en tu alojamiento de Paraty y viajar por 2 horas al norte y ser dejado cerca del muelle tur\u00edstico donde se te entregara la lancha que cruzara a Abra\u00e3o de Ilha Grande.<\/p>\n<h3><b><img loading=\"lazy\" decoding=\"async\" class=\"aligncenter wp-image-2205 size-full\" src=\"https:\/\/travessiailhagrande.com\/wp-content\/uploads\/2021\/05\/Transfer-de-Paraty-a-Conceicao-do-Jacarei-1.jpg\" alt=\"Transfer de Paraty a Conceicao do Jacarei\" width=\"728\" height=\"90\" srcset=\"https:\/\/travessiailhagrande.com\/wp-content\/uploads\/2021\/05\/Transfer-de-Paraty-a-Conceicao-do-Jacarei-1.jpg 728w, https:\/\/travessiailhagrande.com\/wp-content\/uploads\/2021\/05\/Transfer-de-Paraty-a-Conceicao-do-Jacarei-1-300x37.jpg 300w\" sizes=\"auto, (max-width: 728px) 100vw, 728px\" \/><\/b><\/h3>\n<h3><\/h3>\n<h3><b>Barcos desde Concei\u00e7\u00e3o de Jacare\u00ed a Abra\u00e3o, Ilha Grande<\/b><\/h3>\n<p>Con varias salidas por d\u00eda y barcos nuevos, piensa en nosotros como la opci\u00f3n m\u00e1s viable una vez en Concei\u00e7\u00e3o de Jacare\u00ed para asegurar una traves\u00eda r\u00e1pida y f\u00e1cil a Ilha Grande.<\/p>\n<p style=\"text-align: center;\"><a href=\"https:\/\/travessiailhagrande.com\/barco-de-conceicao-de-jacarei-a-ilha-grande\/?lang=es\"><strong><b>RESERVA TU PASAJE DE <\/b><\/strong><strong><b>CONCEI\u00c7\u00c3O DE JACARE\u00cd A ILHA GRANDE<\/b><\/strong><\/a><\/p>\n<h3><a href=\"https:\/\/travessiailhagrande.com\/boat-from-conceicao-de-jacarei\/?lang=en\"><img loading=\"lazy\" decoding=\"async\" class=\"aligncenter wp-image-1321 \" src=\"https:\/\/travessiailhagrande.com\/wp-content\/uploads\/2021\/04\/Boat-from-Conceicao-de-Jacarei-to-Ilha-Grande-3-300x169.jpg\" sizes=\"auto, (max-width: 1024px) 100vw, 1024px\" srcset=\"https:\/\/travessiailhagrande.com\/wp-content\/uploads\/2021\/04\/Boat-from-Conceicao-de-Jacarei-to-Ilha-Grande-3-1024x576.jpg 1024w, https:\/\/travessiailhagrande.com\/wp-content\/uploads\/2021\/04\/Boat-from-Conceicao-de-Jacarei-to-Ilha-Grande-3-300x169.jpg 300w, https:\/\/travessiailhagrande.com\/wp-content\/uploads\/2021\/04\/Boat-from-Conceicao-de-Jacarei-to-Ilha-Grande-3-1536x864.jpg 1536w, https:\/\/travessiailhagrande.com\/wp-content\/uploads\/2021\/04\/Boat-from-Conceicao-de-Jacarei-to-Ilha-Grande-3.jpg 1920w\" alt=\"Conceicao de Jacarei boat to Abraao\" width=\"431\" height=\"243\" \/><\/a><\/h3>\n<h3>\u00bfComo encontrar los barcos da Travessia Ilha Grande?<\/h3>\n<p>Nos encontraras en el muelle tur\u00edstico de Concei\u00e7\u00e3o de Jacare\u00ed usando camisas bajo el nombre de Travessia Ilha Grande. El muelle est\u00e1 localizado a 350 metros de la BR101 y ver\u00e1s varios estacionamientos privados en Concei\u00e7\u00e3o de Jacare\u00ed, con distancia de hasta 15 metros desde el muelle tur\u00edstico.<\/p>\n<p>A tu llegada ac\u00e9rcate hasta el muelle, donde nuestro equipo estar\u00e1 esperando para vender el boleto que cruzara a Ilha Grande. Si ya compraste el ticket, solo debes registrarte con nuestro equipo quienes te informar\u00e1n el procedimiento para embarcar nuestros bote-flex.<\/p>\n<h3><b>\u00bfPor qu\u00e9 embarcar con Travessia Ilha Grande saliendo de Concei\u00e7\u00e3o de Jacare\u00ed?<\/b><\/h3>\n<p>\u00bfQuieres saber porque embarcar nuestra flota Travessia Ilha Grande? Simplemente porque tenemos buenos motivos!<\/p>\n<ol>\n<li>Por su punto privilegiado, saliendo desde Concei\u00e7\u00e3o de Jacare\u00ed a Ilha Grande es la mejor opci\u00f3n simplemente porque est\u00e1 ubicada a 11 kil\u00f3metros de distancia;<\/li>\n<li>Nuestros barcos toma apenas 20 minutos para cruzar de Concei\u00e7\u00e3o de Jacare\u00ed a la ciudad portuaria de Abra\u00e3o, Ilha Grande;<\/li>\n<li>Nuestra embarcaciones, los Flex Boats, son seguros, c\u00f3modos y estables;<\/li>\n<li>El barco llegar\u00e1 al principal muelle tur\u00edstico el cual es la entrada principal de la isla. Este muelle es llamado Esta\u00e7ao Abraao y desembarcando en un largo muelle de madera que se proyecta en la playa de la ciudad. Este muelle est\u00e1 ubicado en el medio de Abraao y desde all\u00ed ser\u00eda tu responsabilidad llegar hasta tu alojamiento de la isla. No hay autom\u00f3viles en la isla, entonces si tienes mucho equipaje considera la opci\u00f3n de alquilar uno del personal de porteadores que se encuentran en el muelle y el cual lleva tu equipaje hasta tu alojamiento por un precio justo.<\/li>\n<\/ol>\n<\/div><\/div><\/div><\/div><\/div><\/div><\/div><\/section>\n","protected":false},"excerpt":{"rendered":"C\u00f3mo ir a Concei\u00e7\u00e3o de Jacare\u00ed: trayectos, sugerencias y m\u00e1s? Los tres medios m\u00e1s simples de llegar a Concei\u00e7\u00e3o de Jacare\u00ed seria por carro, transfer o por bus y en todos los\u00a0 casos debes tomar la v\u00eda nacional BR 101 \u2013 Rio Santos y a la altura del Km 455\u00a0 te llevar\u00e1 hasta Concei\u00e7\u00e3o de...","protected":false},"author":1,"featured_media":0,"parent":0,"menu_order":0,"comment_status":"closed","ping_status":"closed","template":"","meta":{"footnotes":""},"class_list":["post-178","page","type-page","status-publish","hentry"],"_links":{"self":[{"href":"https:\/\/travessiailhagrande.com\/es\/wp-json\/wp\/v2\/pages\/178","targetHints":{"allow":["GET"]}}],"collection":[{"href":"https:\/\/travessiailhagrande.com\/es\/wp-json\/wp\/v2\/pages"}],"about":[{"href":"https:\/\/travessiailhagrande.com\/es\/wp-json\/wp\/v2\/types\/page"}],"author":[{"embeddable":true,"href":"https:\/\/travessiailhagrande.com\/es\/wp-json\/wp\/v2\/users\/1"}],"replies":[{"embeddable":true,"href":"https:\/\/travessiailhagrande.com\/es\/wp-json\/wp\/v2\/comments?post=178"}],"version-history":[{"count":9,"href":"https:\/\/travessiailhagrande.com\/es\/wp-json\/wp\/v2\/pages\/178\/revisions"}],"predecessor-version":[{"id":2208,"href":"https:\/\/travessiailhagrande.com\/es\/wp-json\/wp\/v2\/pages\/178\/revisions\/2208"}],"wp:attachment":[{"href":"https:\/\/travessiailhagrande.com\/es\/wp-json\/wp\/v2\/media?parent=178"}],"curies":[{"name":"wp","href":"https:\/\/api.w.org\/{rel}","templated":true}]}}