{"id":1538,"date":"2021-04-20T02:11:48","date_gmt":"2021-04-20T02:11:48","guid":{"rendered":"https:\/\/travessiailhagrande.com\/?page_id=1538"},"modified":"2021-04-20T02:11:48","modified_gmt":"2021-04-20T02:11:48","slug":"best-place-to-stay-on-ilha-grande","status":"publish","type":"page","link":"https:\/\/travessiailhagrande.com\/es\/best-place-to-stay-on-ilha-grande\/","title":{"rendered":"Best place to stay on Ilha Grande"},"content":{"rendered":"<section class=\"l-section wpb_row height_medium\"><div class=\"l-section-h i-cf\"><div class=\"g-cols vc_row via_flex valign_top type_default stacking_default\"><div class=\"vc_col-sm-12 wpb_column vc_column_container\"><div class=\"vc_column-inner\"><div class=\"wpb_wrapper\"><div class=\"wpb_text_column\"><div class=\"wpb_wrapper\"><h1>Where is the best place to stay on Ilha Grande?<\/h1>\n<p>Are you ready to pack? In this post, we will show you the best places to stay in Ilha Grande and you will also understand:<\/p>\n<ul>\n<li>Vila do Abra\u00e3o: is it worth staying on that part of the island?<\/li>\n<li>Hotels, Bed &amp; Breakfasts (pousadas), and Campings &#8211; what is the ideal option for your pocket?<\/li>\n<li>Praia do Abra\u00e3o, Abra\u00e3ozinho, and Aventureiro &#8211; what are the other options for accommodation on Ilha Grande?<\/li>\n<\/ul>\n<p>Below, you can find some information that can help you plan the best stay in this paradisiacal destination.<\/p>\n<h2><img loading=\"lazy\" decoding=\"async\" src=\"https:\/\/travessiailhagrande.com\/wp-content\/uploads\/2020\/06\/praia-abraao-ilha-grande-1024x285.jpg\" alt=\"\" width=\"1024\" height=\"285\" \/><\/h2>\n<h2>Where to stay on Ilha Grande?<\/h2>\n<p><strong>Our recommendation is that you stay in Abra\u00e3o<\/strong>, on Ilha Grande, simply because it is the main city on the island, where you will find 90% of the hotels, restaurants, supermarkets, shops, bars, and nightlife.<\/p>\n<p><img loading=\"lazy\" decoding=\"async\" src=\"https:\/\/travessiailhagrande.com\/wp-content\/uploads\/2020\/06\/fotos-abraao-ilha-grande-1024x576.jpg\" alt=\"\" width=\"1024\" height=\"576\" \/><\/p>\n<p>In addition, Vila do Abra\u00e3o is the best place to stay in Ilha Grande because:<\/p>\n<ul>\n<li>most boats from the mainland arrive at Abra\u00e3o and because there are no cars or roads on Ilha Grande to take you to other areas of the island, it makes sense to stay within walking distance of the main pier;<\/li>\n<li>Abra\u00e3o is also the place where boats and daily tours depart to visit other parts of the island;<\/li>\n<li>even when you&#8217;re not exploring, Abra\u00e3o is the best area to stay during your visit to Ilha Grande, because there is more to do, especially at night if bars, restaurants, and parties are part of your interests when traveling.<\/li>\n<\/ul>\n<p>If you want to escape the crowd, there are also wonderful pousadas on the outskirts of the Abra\u00e3o, which are in beautiful and peaceful areas, but also only accessible by boat. In that case, you will need to take a quick boat ride into town if you need anything.<br \/>\n<img loading=\"lazy\" decoding=\"async\" src=\"https:\/\/travessiailhagrande.com\/wp-content\/uploads\/2020\/06\/como-chegar-IlhaGrande-Abraao1-1.jpg\" alt=\"\" width=\"800\" height=\"600\" \/><\/p>\n<h2>Places to stay on Ilha Grande<\/h2>\n<p>Below, you will find some tips on accommodation located in the best place to stay on Ilha Grande: Vila do Abra\u00e3o and surroundings.<\/p>\n<h3><img loading=\"lazy\" decoding=\"async\" class=\"alignnone wp-image-522 size-us_600_400_crop\" src=\"https:\/\/travessiailhagrande.com\/wp-content\/uploads\/2020\/06\/Top-Fotos_-Ilha-Grande2-600x400.jpg\" alt=\"\" width=\"600\" height=\"400\" \/><\/h3>\n<h3>Ilha Grande Bed &amp; Breakfasts and Hostels<\/h3>\n<p>&#8216;Bed &amp; Breakfasts&#8217; are very popular in Brazil, and they are called <strong>&#8216;pousadas&#8217;<\/strong> in Portuguese. For those traveling with family or with children, the pousadas on Ilha Grande may be the best option, due to the structure and additional services offered. Those who are traveling with friends, in couples or even without company, can opt for the different options of hostels.<\/p>\n<p>The pousadas and hostels are more affordable, ranging from R$ 150 to R$ 450 on average per day for a couple with breakfast (remember that the values change according to the season chosen to visit the island).<\/p>\n<p>Below, you will find a selection of some accommodation options in the best place to stay in Ilha Grande.<\/p>\n<h4>\u00a0Pousadas on Ilha Grande<\/h4>\n<ul>\n<li><a href=\"https:\/\/www.booking.com\/hotel\/br\/pousada-recreio-da-praia.pt-br.html?aid=955148;sid=7adaa8823536f6b1615545cebcf7d21d;dest_id=-622861;dest_type=city;dist=0;from_beach_non_key_ufi_sr=1;group_adults=2;group_children=0;hapos=1;hpos=1;nflt=ht_id%3D204%3B;no_rooms=1;room1=A%2CA;sb_price_type=total;sr_order=popularity;srepoch=1587999498;srpvid=808f69456ab4005d;type=total;ucfs=1&amp;#hotelTmpl\" target=\"_blank\" rel=\"noopener noreferrer\">Pousada Recreio da Praia, in front of Abra\u00e3o beach<\/a><\/li>\n<li><a href=\"https:\/\/www.booking.com\/hotel\/br\/pousada-costa-verde-angra-dos-reis12.pt-br.html?aid=955148;sid=7adaa8823536f6b1615545cebcf7d21d;dest_id=-622861;dest_type=city;dist=0;from_beach_non_key_ufi_sr=1;group_adults=2;group_children=0;hapos=2;hpos=2;nflt=ht_id%3D204%3B;no_rooms=1;room1=A%2CA;sb_price_type=total;sr_order=popularity;srepoch=1587999498;srpvid=808f69456ab4005d;type=total;ucfs=1&amp;#hotelTmpl\" target=\"_blank\" rel=\"noopener noreferrer\">Pousada Costa Verde, located 350m from Abra\u00e3o beach<\/a><\/li>\n<li><a href=\"https:\/\/www.booking.com\/hotel\/br\/bonito-paraiso-ilha-grande.pt-br.html?aid=955148;sid=7adaa8823536f6b1615545cebcf7d21d;dest_id=-622861;dest_type=city;dist=0;from_beach_non_key_ufi_sr=1;group_adults=2;group_children=0;hapos=5;hpos=5;nflt=ht_id%3D204%3B;no_rooms=1;room1=A%2CA;sb_price_type=total;sr_order=popularity;srepoch=1587999498;srpvid=808f69456ab4005d;type=total;ucfs=1&amp;#hotelTmpl\" target=\"_blank\" rel=\"noopener noreferrer\">Pousada Bonito Para\u00edso, located in Abra\u00e3ozinho<\/a><\/li>\n<\/ul>\n<h4>Hostels on Ilha Grande<\/h4>\n<ul>\n<li><a href=\"https:\/\/www.booking.com\/hotel\/br\/social-ilha-grande-hostel-angra-dos-reis.pt-br.html?aid=955148;sid=7adaa8823536f6b1615545cebcf7d21d;dest_id=-622861;dest_type=city;dist=0;from_beach_non_key_ufi_sr=1;group_adults=2;group_children=0;hapos=7;hpos=7;no_rooms=1;room1=A%2CA;sb_price_type=total;sr_order=popularity;srepoch=1587999443;srpvid=a11669295fee0031;type=total;ucfs=1&amp;#hotelTmpl\">Social Ilha Grande Hostel, on the foreshore of Abra\u00e3o<\/a><\/li>\n<li><a href=\"https:\/\/www.booking.com\/hotel\/br\/biergarten-pousada-amp-hostel.pt-br.html?aid=955148;sid=7adaa8823536f6b1615545cebcf7d21d;dest_id=-622861;dest_type=city;dist=0;from_beach_non_key_ufi_sr=1;group_adults=2;group_children=0;hapos=4;hpos=4;nflt=ht_id%3D203%3B;no_rooms=1;room1=A%2CA;sb_price_type=total;sr_order=popularity;srepoch=1587999846;srpvid=b25669f21ce2002c;type=total;ucfs=1&amp;#hotelTmpl\">Biergarten Hostel, located in the centre<\/a><\/li>\n<li><a href=\"https:\/\/www.booking.com\/hotel\/br\/semente.pt-br.html?aid=955148;sid=7adaa8823536f6b1615545cebcf7d21d;dest_id=-622861;dest_type=city;dist=0;from_beach_non_key_ufi_sr=1;group_adults=2;group_children=0;hapos=7;hpos=7;nflt=ht_id%3D203%3B;no_rooms=1;room1=A%2CA;sb_price_type=total;sr_order=popularity;srepoch=1587999846;srpvid=b25669f21ce2002c;type=total;ucfs=1&amp;#hotelTmpl\">Mahalo Hostel, located 250m from Abra\u00e3o beach<\/a><\/li>\n<\/ul>\n<h3>\u00a0Ilha Grande Camping Tips<\/h3>\n<p>If you are more adventurous and outdoorsy, camping may be a good choice. Check out some camping options in Abra\u00e3o, Ilha Grande, and the region.<\/p>\n<p>The average cost for campsites on Ilha Grande is R$80 per night for couples. In this case, it is also worth remembering that the values depend on the time of year, included extras and type of accommodation. The important thing is to research the option that best fits your budget!<\/p>\n<ul>\n<li><a href=\"https:\/\/www.tripadvisor.pt\/Hotel_Review-g303489-d3874730-Reviews-Alfa_Camping-Angra_Dos_Reis_State_of_Rio_de_Janeiro.html\" target=\"_blank\" rel=\"noopener noreferrer\">Alfa Camping, located on Rua da Praia do Abra\u00e3o<\/a><\/li>\n<li><a href=\"https:\/\/www.tripadvisor.pt\/Hotel_Review-g303497-d5963299-Reviews-Camping_do_Bicao-Ilha_Grande_Angra_Dos_Reis_State_of_Rio_de_Janeiro.html\">Camping do Bic\u00e3o, next to the Cachoeira do Bic\u00e3o<\/a><\/li>\n<li><a href=\"https:\/\/www.tripadvisor.pt\/Hotel_Review-g303497-d5963299-Reviews-Camping_do_Bicao-Ilha_Grande_Angra_Dos_Reis_State_of_Rio_de_Janeiro.html\" target=\"_blank\" rel=\"noopener noreferrer\">Camping Cai\u00e7ara, located on Aventureiro beach<\/a><\/li>\n<\/ul>\n<h2>Do you already know how to get to Vila do Abra\u00e3o on Ilha Grande?<\/h2>\n<p>The best way to get to Vila do Abra\u00e3o, on Ilha Grande, is from Concei\u00e7\u00e3o de Jacare\u00ed by speedboat or flexboat. In addition to being closer to the island (only 11 km away), the route offered by <em><strong>Travessia Ilha Grande<\/strong><\/em> is safe &#8211; our vessel is a FlexBoat, which is comfortable, stable, and modern &#8211; and fast: <strong>it only lasts 20 minutes<\/strong>.<\/p>\n<h3 style=\"text-align: center;\"><a href=\"https:\/\/travessiailhagrande.com\/bilhetes\/\"><img loading=\"lazy\" decoding=\"async\" class=\"alignnone wp-image-453 size-us_600_600_crop\" src=\"https:\/\/travessiailhagrande.com\/wp-content\/uploads\/2020\/05\/bilhetes-ilha-grande-1-600x600.jpg\" alt=\"\" width=\"600\" height=\"600\" \/><\/a><\/h3>\n<h3 style=\"text-align: center;\"><a href=\"https:\/\/travessiailhagrande.com\/tickets\/?lang=en\">\u00bb\u00bb Check our departure times and book your boat ticket in advance and with a discount for roundtrips HERE!<\/a><\/h3>\n<p>&nbsp;<\/p>\n<p style=\"font-size: 25px; text-align: center;\"><span style=\"color: #999999;\">Also, check out <strong>our transfers<\/strong> with pick-ups in Rio de Janeiro &amp; Paraty!<\/span><\/p>\n<\/div><\/div><\/div><\/div><\/div><\/div><\/div><\/section><section class=\"l-section wpb_row height_medium\"><div class=\"l-section-h i-cf\"><div class=\"g-cols vc_row via_flex valign_top type_default stacking_default\"><div class=\"vc_col-sm-12 wpb_column vc_column_container\"><div class=\"vc_column-inner\"><div class=\"wpb_wrapper\"><\/div><\/div><\/div><\/div><\/div><\/section>\n","protected":false},"excerpt":{"rendered":"Where is the best place to stay on Ilha Grande? Are you ready to pack? In this post, we will show you the best places to stay in Ilha Grande and you will also understand: Vila do Abra\u00e3o: is it worth staying on that part of the island? Hotels, Bed &amp; Breakfasts (pousadas), and Campings...","protected":false},"author":3,"featured_media":0,"parent":0,"menu_order":0,"comment_status":"closed","ping_status":"closed","template":"","meta":{"footnotes":""},"class_list":["post-1538","page","type-page","status-publish","hentry"],"_links":{"self":[{"href":"https:\/\/travessiailhagrande.com\/es\/wp-json\/wp\/v2\/pages\/1538","targetHints":{"allow":["GET"]}}],"collection":[{"href":"https:\/\/travessiailhagrande.com\/es\/wp-json\/wp\/v2\/pages"}],"about":[{"href":"https:\/\/travessiailhagrande.com\/es\/wp-json\/wp\/v2\/types\/page"}],"author":[{"embeddable":true,"href":"https:\/\/travessiailhagrande.com\/es\/wp-json\/wp\/v2\/users\/3"}],"replies":[{"embeddable":true,"href":"https:\/\/travessiailhagrande.com\/es\/wp-json\/wp\/v2\/comments?post=1538"}],"version-history":[{"count":1,"href":"https:\/\/travessiailhagrande.com\/es\/wp-json\/wp\/v2\/pages\/1538\/revisions"}],"predecessor-version":[{"id":1539,"href":"https:\/\/travessiailhagrande.com\/es\/wp-json\/wp\/v2\/pages\/1538\/revisions\/1539"}],"wp:attachment":[{"href":"https:\/\/travessiailhagrande.com\/es\/wp-json\/wp\/v2\/media?parent=1538"}],"curies":[{"name":"wp","href":"https:\/\/api.w.org\/{rel}","templated":true}]}}