{"id":402,"date":"2020-01-27T00:43:19","date_gmt":"2020-01-27T00:43:19","guid":{"rendered":"https:\/\/travessiailhagrande.com\/quanto-tempo-ficar-em-ilha-grande\/"},"modified":"2021-04-20T00:13:56","modified_gmt":"2021-04-20T00:13:56","slug":"how-long-to-spend-in-ilha-grande","status":"publish","type":"page","link":"https:\/\/travessiailhagrande.com\/en\/how-long-to-spend-in-ilha-grande\/","title":{"rendered":"How long to spend on Ilha Grande"},"content":{"rendered":"<section class=\"l-section wpb_row height_medium\"><div class=\"l-section-h i-cf\"><div class=\"g-cols vc_row via_flex valign_top type_default stacking_default\"><div class=\"vc_col-sm-12 wpb_column vc_column_container\"><div class=\"vc_column-inner\"><div class=\"wpb_wrapper\"><div class=\"wpb_text_column\"><div class=\"wpb_wrapper\"><h2>How long to stay on Ilha Grande?<\/h2>\n<p><img loading=\"lazy\" decoding=\"async\" class=\"alignnone wp-image-491 size-large\" src=\"https:\/\/travessiailhagrande.com\/wp-content\/uploads\/2020\/06\/praia-abraao-ilha-grande-1024x285.jpg\" alt=\"\" width=\"1024\" height=\"285\" \/><\/p>\n<p>Although you will feel like staying forever, deciding how long to spend on Ilha Grande depends entirely on the time you have for relaxing, exploring, and playing on the island.<\/p>\n<p>The good news is that an itinerary for Ilha Grande is fully adaptable. So, even if you only have 1 day to visit the island from Rio de Janeiro, then do not miss the opportunity to see it!<\/p>\n<p>However, we would definitely advise, that if you can devote more than a day trip, then a longer stay is better. This is because Ilha Grande offers countless attractions, including the wonderful <strong>dolce far niente<\/strong> (or \u201cthe art of doing nothing\u201d).<\/p>\n<p>Below, you will find our tips for combining tourist activities with relaxing moments over itineraries of 1, 2, 3, 5, and 7 days.<\/p>\n<p>We hope that our itinerary suggestions help you to decide how long to stay in Ilha Grande.<\/p>\n<h2>What to do on Ilha Grande? Our itinerary tips!<\/h2>\n<figure id=\"attachment_488\" aria-describedby=\"caption-attachment-488\" style=\"width: 600px\" class=\"wp-caption alignnone\"><img loading=\"lazy\" decoding=\"async\" class=\"wp-image-488 size-us_600_600_crop\" src=\"https:\/\/travessiailhagrande.com\/wp-content\/uploads\/2020\/06\/fotos-abraao-ilha-grande-600x600.jpg\" alt=\"\" width=\"600\" height=\"600\" \/><figcaption id=\"caption-attachment-488\" class=\"wp-caption-text\">Vila do Abra\u00e3o, Ilha Grande<\/figcaption><\/figure>\n<h3>Things to do if you only have <strong>1 day<\/strong> on Ilha Grande<\/h3>\n<p>If you come from Rio, you will travel 3 hours to the south to reach the island. If you manage to depart Rio by 08:30 am, then you can reach Concei\u00e7\u00e3o de Jacare\u00ed for a boat getting you to Ilha Grande around 11:30 am.<\/p>\n<p>If you do not know how to get from Rio to Concei\u00e7\u00e3o de Jacare\u00ed, you can read about our <a href=\"https:\/\/travessiailhagrande.com\/transfer-rio-to-abraao-ilha-grande\/?lang=en\">transfer service<\/a> from different parts of the city, which includes your boat ticket to Ilha Grande! Or see our article: <a href=\"https:\/\/travessiailhagrande.com\/conceicao-de-jacarei\/?lang=en\">How to get to Concei\u00e7\u00e3o do Jacare\u00ed<\/a><\/p>\n<p>The last boat departs from Ilha Grande at 5:30 pm, which means that you can enjoy 6 hours on the island.<\/p>\n<p>Our must-see things if you only have one day are:<\/p>\n<ul>\n<li>visit Lopes Mendes beach, considered <span style=\"color: #333333;\"><a style=\"color: #333333;\" href=\"https:\/\/www.aluxurytravelblog.com\/2013\/10\/21\/10-of-the-best-beaches-on-the-planet\/\" target=\"_blank\" rel=\"noopener\">one of the best beaches in the world<\/a><\/span>;<\/li>\n<li>explore the island town of Abra\u00e3o and its surroundings;<\/li>\n<li>visit the ruins of the aqueduct;<\/li>\n<li>have lunch at one of the seaside restaurants, like the <a href=\"https:\/\/www.tripadvisor.pt\/Restaurant_Review-g303497-d3570941-Reviews-Restaurante_Pe_na_Areia-Ilha_Grande_Angra_Dos_Reis_State_of_Rio_de_Janeiro.html\" target=\"_blank\" rel=\"noopener noreferrer\">P\u00e9 na Areia<\/a> or the <a href=\"https:\/\/www.tripadvisor.pt\/Restaurant_Review-g303497-d2590346-Reviews-Rei_do_Moqueca-Ilha_Grande_Angra_Dos_Reis_State_of_Rio_de_Janeiro.html\" target=\"_blank\" rel=\"noopener noreferrer\">Rei da Moqueca<\/a>.<\/li>\n<\/ul>\n<h3>Things to do in <strong>2 days<\/strong> on Ilha Grande<\/h3>\n<p>If you have 2 days and 1 night on the island, our tips are:<\/p>\n<h4>Day 1<\/h4>\n<ul>\n<li>visit Lopes Mendes beach;<\/li>\n<li>explore Abra\u00e3o and its surroundings, getting to know the local shops, restaurants, and nightlife in the town.<\/li>\n<\/ul>\n<h4>Day 2<\/h4>\n<ul>\n<li>take a boat trip! Consider a half-day cruise to get to know such places as the Blue Lagoon, or take a full-day tour around the island visiting some of the more remote beaches.<\/li>\n<\/ul>\n<p>If you take a boat trip, just remember that you will need to be back in Abra\u00e3o by 5:30 pm for the last boat leaving Ilha Grande!<\/p>\n<h3>Things to do in <strong>3 days<\/strong> on Ilha Grande<\/h3>\n<figure id=\"attachment_253\" aria-describedby=\"caption-attachment-253\" style=\"width: 1024px\" class=\"wp-caption alignnone\"><img loading=\"lazy\" decoding=\"async\" class=\"wp-image-253 size-large\" src=\"https:\/\/travessiailhagrande.com\/wp-content\/uploads\/2019\/12\/Abraao-ilha-grande-3-1024x683.jpg\" alt=\"\" width=\"1024\" height=\"683\" srcset=\"https:\/\/travessiailhagrande.com\/wp-content\/uploads\/2019\/12\/Abraao-ilha-grande-3-1024x683.jpg 1024w, https:\/\/travessiailhagrande.com\/wp-content\/uploads\/2019\/12\/Abraao-ilha-grande-3-300x200.jpg 300w, https:\/\/travessiailhagrande.com\/wp-content\/uploads\/2019\/12\/Abraao-ilha-grande-3-1536x1024.jpg 1536w, https:\/\/travessiailhagrande.com\/wp-content\/uploads\/2019\/12\/Abraao-ilha-grande-3-600x400.jpg 600w, https:\/\/travessiailhagrande.com\/wp-content\/uploads\/2019\/12\/Abraao-ilha-grande-3.jpg 1999w\" sizes=\"auto, (max-width: 1024px) 100vw, 1024px\" \/><figcaption id=\"caption-attachment-253\" class=\"wp-caption-text\">Praia de Abra\u00e3o<\/figcaption><\/figure>\n<p>If you have three days on Ilha Grande, then consider the above itinerary for the first two days, then on the third, take the opportunity to:<\/p>\n<ul>\n<li>go hiking some trails like the Vila do Abra\u00e3o circuit or the Po\u00e7\u00e3o and Aqueduto circuit;<\/li>\n<li>rent a bike and make the Lazareto circuit, to the Lazareto ruins and old prison;<\/li>\n<li>climb up to the mountain peak called the Pico do Papagaio and see the island from many beautiful angles.<\/li>\n<\/ul>\n<h3>Things to do in <strong>5 days<\/strong> on Ilha Grande<\/h3>\n<p>Finding out what to do in 5 days on Ilha Grande will be easy: in addition to being able to calmly take advantage of the tips given in the suggested itineraries above, you will also have plenty of time to enjoy the tranquility of the island&#8217;s beaches.<\/p>\n<p>How about including some water sports in the itinerary? While on Ilha Grande, you can practice:<\/p>\n<ul>\n<li>diving;<\/li>\n<li>snorkeling;<\/li>\n<li>stand up paddle;<\/li>\n<li>surfing;<\/li>\n<li>kayaking;<\/li>\n<li>and more!<\/li>\n<\/ul>\n<h3>Things to do in <strong>7 days<\/strong> on Ilha Grande<\/h3>\n<p>When trying to figure out how long to spend on Ilha Grande, you could do worse than spending an entire week in paradise. A week would be a dream come true for most, and if you are privileged enough to be able to stay that long, then you can enjoy all that the island has to offer!<\/p>\n<ul>\n<li>visit the nearby and remote beaches (in this case, the full-day cruise is a must);<\/li>\n<li>hike some of the longer trails, and there are some that take a whole day or two;<\/li>\n<li>enjoy camping in the middle of nature;<\/li>\n<li>visit the Green (Verde) and Blue (Azul) lagoons, plus explore the Acai\u00e1 cave;<\/li>\n<li>but make sure you take time just to soak in the island vibe and relax!<\/li>\n<\/ul>\n<h2>Therefore, how long should you spend on Ilha Grande?<\/h2>\n<p>The short answer: <strong>at least two full days<\/strong>. Our recommendation is to stay at least two full days to get to know the island and make unforgettable visits to the many paradisiacal beaches. Now that you&#8217;ve read our itinerary tips for Ilha Grande, deciding how long to stay is now in your hands. To make the decision, it is important to take into account all the personal factors involved, such as budget, time availability, traveling preferences, the intention of the trip, type of accommodation chosen, and so on.<\/p>\n<p>The most important thing when making your discussion is to keep in mind what is the most important thing to fulfill your travel objective, whether it be resting, strolling, hiking, venturing out and beyond, or just relaxing.<\/p>\n<p>And speaking of relaxing, how about advancing some decisions and making your trip even more peaceful? You can buy in advance your tickets for the crossing from <a href=\"https:\/\/travessiailhagrande.com\/boat-from-conceicao-de-jacarei\/?lang=en\">Concei\u00e7\u00e3o do Jacare\u00ed to Vila do Abra\u00e3o<\/a> and guarantee your place on our FlexBoat!<\/p>\n<p><img loading=\"lazy\" decoding=\"async\" src=\"https:\/\/travessiailhagrande.com\/wp-content\/uploads\/2019\/12\/56cc43c6-1ec4-4347-84c7-f090346e4142-225x300.jpg\" alt=\"\" width=\"225\" height=\"300\" \/><img loading=\"lazy\" decoding=\"async\" class=\"alignnone size-medium wp-image-450\" src=\"https:\/\/travessiailhagrande.com\/wp-content\/uploads\/2020\/05\/horarios-bilhetes-ilha-grande-barco-flexboat-225x300.jpg\" alt=\"\" width=\"225\" height=\"300\" \/><\/p>\n<p><strong>Purchasing in advance allows for the following advantages:<\/strong><\/p>\n<ul>\n<li>you won&#8217;t lose precious hours on the Pier waiting for the next boat because they sold out.<\/li>\n<li>guarantee the boat crossing at your desired time;<\/li>\n<li>also, purchase the round-trip boat ticket for your desired times;<\/li>\n<li>guarantee a special discount by booking and buying the roundtrip online;<\/li>\n<li>you won&#8217;t have to run to get to the boat before they sell out by pre-purchasing your ticket.<\/li>\n<\/ul>\n<h3><a href=\"https:\/\/travessiailhagrande.com\/tickets\/?lang=en\" target=\"_blank\" rel=\"noopener noreferrer\">\u00bb\u00bb Check times and prices of speedboats to Ilha Grande and buy at a discount here!<\/a><\/h3>\n<p>In addition to booking your ticket for the crossing in advance and with a discount, you can also take the opportunity to know the prices and conditions of the <a href=\"https:\/\/travessiailhagrande.com\/transfer-rio-to-abraao-ilha-grande\/?lang=en\">transfer to Concei\u00e7\u00e3o de Jacare\u00ed<\/a> with the <em><strong>Travessia Ilha Grande<\/strong><\/em>! Don&#8217;t waste any more time and get your ticket to paradise now!<\/p>\n<\/div><\/div><\/div><\/div><\/div><\/div><\/div><\/section>\n","protected":false},"excerpt":{"rendered":"How long to stay on Ilha Grande? Although you will feel like staying forever, deciding how long to spend on Ilha Grande depends entirely on the time you have for relaxing, exploring, and playing on the island. The good news is that an itinerary for Ilha Grande is fully adaptable. So, even if you only...","protected":false},"author":3,"featured_media":0,"parent":0,"menu_order":0,"comment_status":"closed","ping_status":"closed","template":"","meta":{"footnotes":""},"class_list":["post-402","page","type-page","status-publish","hentry"],"_links":{"self":[{"href":"https:\/\/travessiailhagrande.com\/en\/wp-json\/wp\/v2\/pages\/402","targetHints":{"allow":["GET"]}}],"collection":[{"href":"https:\/\/travessiailhagrande.com\/en\/wp-json\/wp\/v2\/pages"}],"about":[{"href":"https:\/\/travessiailhagrande.com\/en\/wp-json\/wp\/v2\/types\/page"}],"author":[{"embeddable":true,"href":"https:\/\/travessiailhagrande.com\/en\/wp-json\/wp\/v2\/users\/3"}],"replies":[{"embeddable":true,"href":"https:\/\/travessiailhagrande.com\/en\/wp-json\/wp\/v2\/comments?post=402"}],"version-history":[{"count":6,"href":"https:\/\/travessiailhagrande.com\/en\/wp-json\/wp\/v2\/pages\/402\/revisions"}],"predecessor-version":[{"id":404,"href":"https:\/\/travessiailhagrande.com\/en\/wp-json\/wp\/v2\/pages\/402\/revisions\/404"}],"wp:attachment":[{"href":"https:\/\/travessiailhagrande.com\/en\/wp-json\/wp\/v2\/media?parent=402"}],"curies":[{"name":"wp","href":"https:\/\/api.w.org\/{rel}","templated":true}]}}