{"id":23,"date":"2019-11-19T17:18:25","date_gmt":"2019-11-19T17:18:25","guid":{"rendered":"https:\/\/travessiailhagrande.com\/?page_id=23"},"modified":"2022-02-10T13:55:09","modified_gmt":"2022-02-10T13:55:09","slug":"about-us","status":"publish","type":"page","link":"https:\/\/travessiailhagrande.com\/en\/about-us\/","title":{"rendered":"About Us"},"content":{"rendered":"<section class=\"l-section wpb_row height_medium\"><div class=\"l-section-h i-cf\"><div class=\"g-cols vc_row via_flex valign_top type_default stacking_default\"><div class=\"vc_col-sm-12 wpb_column vc_column_container\"><div class=\"vc_column-inner\"><div class=\"wpb_wrapper\"><div class=\"wpb_text_column\"><div class=\"wpb_wrapper\"><h1>About Travessia Ilha Grande<\/h1>\n<\/div><\/div><div class=\"wpb_text_column\"><div class=\"wpb_wrapper\"><p><strong>Travessia Ilha Grande<\/strong> was founded to make an easier, safer, and <a href=\"https:\/\/travessiailhagrande.com\/how-to-get-to-ilha-grande\/?lang=en\">faster way to get to Ilha Grande<\/a> than was previously possible.\u00a0 We believe in prompt services which depart on time, as well as offering great communication with the customer.<\/p>\n<p>What was once just a single ferry business, has now grown into a larger transport network in the Rio de Janeiro State, where we now have a significant tourism operation as a maritime and overland transfer operator.\u00a0 We are also a travel and tour agent.<\/p>\n<p>We have offices at the Concei\u00e7\u00e3o de Jacare\u00ed Tourism Pier, and in Abra\u00e3o on Ilha Grande.<\/p>\n<\/div><\/div><div class=\"w-grid us_grid type_grid layout_gallery_default cols_3 preload_style_spinner\" id=\"us_grid_1\" style=\"--columns:3;--gap:1.5rem;\" data-filterable=\"true\"><style>@media (max-width:1024px){#us_grid_1{--columns:2!important}}@media (max-width:600px){#us_grid_1{--columns:1!important}}.layout_gallery_default .w-grid-item-h{}<\/style><div class=\"w-grid-list\">\t<article class=\"w-grid-item size_1x1 post-252 attachment type-attachment status-inherit hentry\" data-id=\"252\">\r\n\t\t<div class=\"w-grid-item-h\">\r\n\t\t\t\t\t\t\t<a ref=\"magnificPopupGrid\" href=\"https:\/\/travessiailhagrande.com\/wp-content\/uploads\/2019\/12\/Abraao-ilha-grande-3.jpg\" class=\"w-grid-item-anchor\" aria-label=\"Abraao-ilha-grande-3\"><\/a>\r\n\t\t\t\t\t\t<div class=\"w-post-elm post_image usg_post_image_1 stretched\"><img loading=\"lazy\" decoding=\"async\" width=\"600\" height=\"400\" src=\"https:\/\/travessiailhagrande.com\/wp-content\/uploads\/2019\/12\/Abraao-ilha-grande-3-600x400.jpg\" class=\"attachment-us_600_400_crop size-us_600_400_crop\" alt=\"\" srcset=\"https:\/\/travessiailhagrande.com\/wp-content\/uploads\/2019\/12\/Abraao-ilha-grande-3-600x400.jpg 600w, https:\/\/travessiailhagrande.com\/wp-content\/uploads\/2019\/12\/Abraao-ilha-grande-3-300x200.jpg 300w, https:\/\/travessiailhagrande.com\/wp-content\/uploads\/2019\/12\/Abraao-ilha-grande-3-1024x683.jpg 1024w, https:\/\/travessiailhagrande.com\/wp-content\/uploads\/2019\/12\/Abraao-ilha-grande-3-1536x1024.jpg 1536w, https:\/\/travessiailhagrande.com\/wp-content\/uploads\/2019\/12\/Abraao-ilha-grande-3.jpg 1999w\" sizes=\"auto, (max-width: 600px) 100vw, 600px\" \/><\/div>\t\t<\/div>\r\n\t\t\t<\/article>\r\n\t<article class=\"w-grid-item size_1x1 post-249 attachment type-attachment status-inherit hentry\" data-id=\"249\">\r\n\t\t<div class=\"w-grid-item-h\">\r\n\t\t\t\t\t\t\t<a ref=\"magnificPopupGrid\" href=\"https:\/\/travessiailhagrande.com\/wp-content\/uploads\/2019\/12\/Abraao-ilha-grande-2.jpg\" class=\"w-grid-item-anchor\" aria-label=\"Getting to Conceicao do Jacarei\"><\/a>\r\n\t\t\t\t\t\t<div class=\"w-post-elm post_image usg_post_image_1 stretched\"><img loading=\"lazy\" decoding=\"async\" width=\"600\" height=\"400\" src=\"https:\/\/travessiailhagrande.com\/wp-content\/uploads\/2019\/12\/Abraao-ilha-grande-2-600x400.jpg\" class=\"attachment-us_600_400_crop size-us_600_400_crop\" alt=\"Getting to Conceicao do Jacarei\" \/><\/div>\t\t<\/div>\r\n\t\t\t<\/article>\r\n\t<article class=\"w-grid-item size_1x1 post-246 attachment type-attachment status-inherit hentry\" data-id=\"246\">\r\n\t\t<div class=\"w-grid-item-h\">\r\n\t\t\t\t\t\t\t<a ref=\"magnificPopupGrid\" href=\"https:\/\/travessiailhagrande.com\/wp-content\/uploads\/2019\/12\/Abraao-ilha-grande-1.jpg\" class=\"w-grid-item-anchor\" aria-label=\"Abraao-ilha-grande-1\"><\/a>\r\n\t\t\t\t\t\t<div class=\"w-post-elm post_image usg_post_image_1 stretched\"><img loading=\"lazy\" decoding=\"async\" width=\"600\" height=\"400\" src=\"https:\/\/travessiailhagrande.com\/wp-content\/uploads\/2019\/12\/Abraao-ilha-grande-1-600x400.jpg\" class=\"attachment-us_600_400_crop size-us_600_400_crop\" alt=\"\" srcset=\"https:\/\/travessiailhagrande.com\/wp-content\/uploads\/2019\/12\/Abraao-ilha-grande-1-600x400.jpg 600w, https:\/\/travessiailhagrande.com\/wp-content\/uploads\/2019\/12\/Abraao-ilha-grande-1-300x200.jpg 300w, https:\/\/travessiailhagrande.com\/wp-content\/uploads\/2019\/12\/Abraao-ilha-grande-1-1024x682.jpg 1024w, https:\/\/travessiailhagrande.com\/wp-content\/uploads\/2019\/12\/Abraao-ilha-grande-1-1536x1024.jpg 1536w, https:\/\/travessiailhagrande.com\/wp-content\/uploads\/2019\/12\/Abraao-ilha-grande-1.jpg 2000w\" sizes=\"auto, (max-width: 600px) 100vw, 600px\" \/><\/div>\t\t<\/div>\r\n\t\t\t<\/article>\r\n<\/div>\t<div class=\"w-grid-preloader\">\r\n\t\t<div class=\"g-preloader type_1\">\r\n\t\t\t<div><\/div>\r\n\t\t<\/div>\r\n\t<\/div>\r\n\t\t<div class=\"w-grid-json hidden\" onclick='return {&quot;action&quot;:&quot;us_ajax_grid&quot;,&quot;infinite_scroll&quot;:0,&quot;max_num_pages&quot;:1,&quot;pagination&quot;:&quot;none&quot;,&quot;template_vars&quot;:{&quot;columns&quot;:&quot;3&quot;,&quot;exclude_items&quot;:&quot;none&quot;,&quot;img_size&quot;:&quot;us_600_400_crop&quot;,&quot;ignore_items_size&quot;:0,&quot;items_layout&quot;:&quot;gallery_default&quot;,&quot;items_offset&quot;:&quot;1&quot;,&quot;load_animation&quot;:&quot;none&quot;,&quot;overriding_link&quot;:&quot;%7B%22type%22%3A%22popup_image%22%7D&quot;,&quot;post_id&quot;:0,&quot;query_args&quot;:{&quot;post_type&quot;:[&quot;attachment&quot;],&quot;post__in&quot;:[&quot;246&quot;,&quot;249&quot;,&quot;252&quot;],&quot;post_status&quot;:&quot;inherit&quot;,&quot;post_mime_type&quot;:&quot;image&quot;,&quot;posts_per_page&quot;:&quot;10&quot;},&quot;orderby_query_args&quot;:{&quot;orderby&quot;:{&quot;date&quot;:&quot;DESC&quot;}},&quot;type&quot;:&quot;grid&quot;,&quot;us_grid_post_type&quot;:&quot;attachment&quot;,&quot;us_grid_ajax_index&quot;:1,&quot;us_grid_filter_query_string&quot;:null,&quot;us_grid_index&quot;:1,&quot;page_args&quot;:[],&quot;lang&quot;:&quot;en&quot;}}'><\/div>\r\n\t<\/div><\/div><\/div><\/div><\/div><\/div><\/section>\n","protected":false},"excerpt":{"rendered":"","protected":false},"author":1,"featured_media":0,"parent":0,"menu_order":0,"comment_status":"closed","ping_status":"closed","template":"","meta":{"footnotes":""},"class_list":["post-23","page","type-page","status-publish","hentry"],"_links":{"self":[{"href":"https:\/\/travessiailhagrande.com\/en\/wp-json\/wp\/v2\/pages\/23","targetHints":{"allow":["GET"]}}],"collection":[{"href":"https:\/\/travessiailhagrande.com\/en\/wp-json\/wp\/v2\/pages"}],"about":[{"href":"https:\/\/travessiailhagrande.com\/en\/wp-json\/wp\/v2\/types\/page"}],"author":[{"embeddable":true,"href":"https:\/\/travessiailhagrande.com\/en\/wp-json\/wp\/v2\/users\/1"}],"replies":[{"embeddable":true,"href":"https:\/\/travessiailhagrande.com\/en\/wp-json\/wp\/v2\/comments?post=23"}],"version-history":[{"count":9,"href":"https:\/\/travessiailhagrande.com\/en\/wp-json\/wp\/v2\/pages\/23\/revisions"}],"predecessor-version":[{"id":2476,"href":"https:\/\/travessiailhagrande.com\/en\/wp-json\/wp\/v2\/pages\/23\/revisions\/2476"}],"wp:attachment":[{"href":"https:\/\/travessiailhagrande.com\/en\/wp-json\/wp\/v2\/media?parent=23"}],"curies":[{"name":"wp","href":"https:\/\/api.w.org\/{rel}","templated":true}]}}