{"id":21,"date":"2019-11-19T17:18:10","date_gmt":"2019-11-19T17:18:10","guid":{"rendered":"https:\/\/travessiailhagrande.com\/?page_id=21"},"modified":"2021-05-16T22:11:27","modified_gmt":"2021-05-16T22:11:27","slug":"boats-to-vila-do-abraao","status":"publish","type":"page","link":"https:\/\/travessiailhagrande.com\/en\/boats-to-vila-do-abraao\/","title":{"rendered":"Boats to Vila do Abra\u00e3o"},"content":{"rendered":"<section class=\"l-section wpb_row height_medium\"><div class=\"l-section-h i-cf\"><div class=\"g-cols vc_row via_flex valign_top type_default stacking_default\"><div class=\"vc_col-sm-12 wpb_column vc_column_container\"><div class=\"vc_column-inner\"><div class=\"wpb_wrapper\"><div class=\"wpb_text_column\"><div class=\"wpb_wrapper\"><h2>How to get a boat to Vila do Abra\u00e3o<\/h2>\n<p>Ilha Grande is only accessible by boat, and the two major departure points for taking boats to Vila do Abraao on Ilha Grande are:<\/p>\n<ul>\n<li><a href=\"#Concei\u00e7\u00e3o de Jacare\u00ed\">Concei\u00e7\u00e3o de Jacare\u00ed<\/a><\/li>\n<li><a href=\"#Angra dos Reis\">Angra dos Reis<\/a><\/li>\n<\/ul>\n<p>Located a 2-hour drive south\u00a0<strong>from<\/strong>\u00a0<strong>Rio de Janeiro,\u00a0<\/strong>the small coastal town of Concei\u00e7\u00e3o de Jacare\u00ed is the closest place to take a boat to Ilha Grande if you are coming from Rio. While Angra dos Reis is the closest boat departure point if coming\u00a0<strong>from Sao Paulo<\/strong>.<\/p>\n<figure id=\"attachment_1455\" aria-describedby=\"caption-attachment-1455\" style=\"width: 600px\" class=\"wp-caption aligncenter\"><img loading=\"lazy\" decoding=\"async\" class=\"wp-image-1455 size-us_600_400_crop\" src=\"https:\/\/travessiailhagrande.com\/wp-content\/uploads\/2021\/04\/Boat-in-Vila-do-Abraao-e1618327007352-600x400.jpg\" alt=\"boat to Vila do Abra\u00e3o\" width=\"600\" height=\"400\" \/><figcaption id=\"caption-attachment-1455\" class=\"wp-caption-text\">Boat trip to Abra\u00e3o beach, Ilha Grande<\/figcaption><\/figure>\n<h3>Where is Vila do Abra\u00e3o?<\/h3>\n<p>Vila do Abra\u00e3o is considered the most important village on Ilha Grande, a destination located in Angra dos Reis, in the state of Rio de Janeiro.\u00a0 Most of the boats which bring people to the island drop people at the main pier of the village.<\/p>\n<p>Vila do Abra\u00e3o, in Ilha Grande, is located in a cove (a small bay located on a coast of the sea), and, due to its privileged location, it is the largest urbanized point on the island. Its population is only 3 thousand inhabitants, and its infrastructure features mini-markets, bars, restaurants, and local shops that allow visitors to have a comfortable, simple, and relaxing stay.<\/p>\n<p><iframe loading=\"lazy\" style=\"border: 0;\" src=\"https:\/\/www.google.com\/maps\/embed?pb=!1m18!1m12!1m3!1d14675.361454661239!2d-44.17791876982124!3d-23.139509608301818!2m3!1f0!2f0!3f0!3m2!1i1024!2i768!4f13.1!3m3!1m2!1s0x9c5c748cf34de9%3A0x72d7e07a90009cff!2sVila%20do%20Abra%C3%A3o%2C%20Angra%20dos%20Reis%20-%20State%20of%20Rio%20de%20Janeiro!5e0!3m2!1sen!2sbr!4v1618328367538!5m2!1sen!2sbr\" width=\"600\" height=\"450\" allowfullscreen=\"allowfullscreen\"><\/iframe><\/p>\n<p>&nbsp;<\/p>\n<h3>Getting to Vila do Abra\u00e3o by boat<\/h3>\n<p>If you can get to\u00a0<strong>Concei\u00e7\u00e3o de Jacare\u00ed<\/strong>\u00a0or\u00a0<strong>Angra dos Reis,\u00a0<\/strong>then you can find boats to Vila do Abra\u00e3o. Read on to discover the best way to find these boats from these two towns.<br \/>\n<a name=\"Concei\u00e7\u00e3o de Jacare\u00ed\"><\/a><a href=\"https:\/\/travessiailhagrande.com\/conceicao-de-jacarei\/?lang=en\"><img loading=\"lazy\" decoding=\"async\" class=\"wp-image-1448 size-full aligncenter\" src=\"https:\/\/travessiailhagrande.com\/wp-content\/uploads\/2021\/04\/How-to-get-to-Conceicao-de-Jacarei-1.jpg\" sizes=\"auto, (max-width: 728px) 100vw, 728px\" srcset=\"https:\/\/travessiailhagrande.com\/wp-content\/uploads\/2021\/04\/How-to-get-to-Conceicao-de-Jacarei-1.jpg 728w, https:\/\/travessiailhagrande.com\/wp-content\/uploads\/2021\/04\/How-to-get-to-Conceicao-de-Jacarei-1-300x37.jpg 300w\" alt=\"getting to Concei\u00e7\u00e3o de Jacare\u00ed\" width=\"728\" height=\"90\" \/><\/a><\/p>\n<h4><strong>From Concei\u00e7\u00e3o de Jacare\u00ed to Vila do Abra\u00e3o<\/strong><\/h4>\n<p>The fast boats from\u00a0<em>Travessia Ilha Grande<\/em>\u00a0depart for Vila do Abra\u00e3o several times a day. Click on the following link to discover the\u00a0<a href=\"https:\/\/travessiailhagrande.com\/?lang=en\">schedules for boats from Concei\u00e7\u00e3o de Jacare\u00ed<\/a>.<\/p>\n<p>Book your ticket online and meet our team on the tourist pier of Concei\u00e7\u00e3o de Jacare\u00ed for the 15 \u2013 25 minute boat ride to the pier on the beach of Vila do Abra\u00e3o, on Ilha Grande. Boats departing from this port have the least travel time because Concei\u00e7\u00e3o de Jacare\u00ed is the closest point on the continent to Vila do Abra\u00e3o.<\/p>\n<h5><a href=\"https:\/\/travessiailhagrande.com\/boat-from-conceicao-de-jacarei\/?lang=en\"><img loading=\"lazy\" decoding=\"async\" class=\"aligncenter wp-image-1451 size-full\" src=\"https:\/\/travessiailhagrande.com\/wp-content\/uploads\/2021\/04\/Outdoors-728x90-layout1742-1g7bbme.jpg\" sizes=\"auto, (max-width: 728px) 100vw, 728px\" srcset=\"https:\/\/travessiailhagrande.com\/wp-content\/uploads\/2021\/04\/Outdoors-728x90-layout1742-1g7bbme.jpg 728w, https:\/\/travessiailhagrande.com\/wp-content\/uploads\/2021\/04\/Outdoors-728x90-layout1742-1g7bbme-300x37.jpg 300w\" alt=\"Boat to Vila do Abraao\" width=\"728\" height=\"90\" \/><\/a><\/h5>\n<h5><\/h5>\n<h5>Transfers to Vila do Abra\u00e3o<\/h5>\n<p>If you are going to Vila do Abra\u00e3o from Rio de Janeiro or Paraty, you can count on our transfer service to get you there safely &amp; conveniently. There are several daily transfers that circulate in Rio on several routes through central and the southern zone neighborhoods. You may be picked up from airports, apartments, and hotels of Rio de Janeiro city and from central Paraty and Jabaquara.<\/p>\n<h4><a href=\"https:\/\/travessiailhagrande.com\/transfer-rio-to-abraao-ilha-grande\/?lang=en\"><strong><img loading=\"lazy\" decoding=\"async\" class=\"aligncenter wp-image-1417 size-full\" src=\"https:\/\/travessiailhagrande.com\/wp-content\/uploads\/2021\/04\/Rio-to-Conceicao-de-Jacarei.jpg\" sizes=\"auto, (max-width: 728px) 100vw, 728px\" srcset=\"https:\/\/travessiailhagrande.com\/wp-content\/uploads\/2021\/04\/Rio-to-Conceicao-de-Jacarei.jpg 728w, https:\/\/travessiailhagrande.com\/wp-content\/uploads\/2021\/04\/Rio-to-Conceicao-de-Jacarei-300x37.jpg 300w\" alt=\"Transfer from Rio to Conceicao de Jacarei\" width=\"728\" height=\"90\" \/><\/strong><\/a><\/h4>\n<p><a name=\"Angra dos Reis\"><\/a><\/p>\n<h4><a href=\"https:\/\/travessiailhagrande.com\/transfer-paraty-to-ilha-grande\/?lang=en\"><strong><img loading=\"lazy\" decoding=\"async\" class=\"aligncenter wp-image-1420 size-full\" src=\"https:\/\/travessiailhagrande.com\/wp-content\/uploads\/2021\/04\/Paraty-to-Conceicao-de-Jacarei.jpg\" sizes=\"auto, (max-width: 728px) 100vw, 728px\" srcset=\"https:\/\/travessiailhagrande.com\/wp-content\/uploads\/2021\/04\/Paraty-to-Conceicao-de-Jacarei.jpg 728w, https:\/\/travessiailhagrande.com\/wp-content\/uploads\/2021\/04\/Paraty-to-Conceicao-de-Jacarei-300x37.jpg 300w\" alt=\"Transfer Paraty to Conceicao de Jacarei\" width=\"728\" height=\"90\" \/><\/strong><\/a><\/h4>\n<p>&nbsp;<\/p>\n<h4><strong>From Angra dos Reis to Vila do Abra\u00e3o<\/strong><\/h4>\n<p>The fast boats from Angra dos Reis to Vila do Abraao depart from the central wharf of the city, called the Esta\u00e7\u00e3o Santa Luzia pier. There is a small building in front of the pier where you wait for the boat departure, and also features a\u00a0<em>Tourist Information Center<\/em>\u00a0if you have any doubts.<\/p>\n<p>From Angra dos Reis, the journey time to Vila do Abraao is around 30 to 40 minutes, and the boat travels in calm waters which are sheltered between the island of Ilha Grande and the mainland.<\/p>\n<p>Pre-book your ticket online and then present yourself on the Angra dos Reis pier at least 20 minutes before the boat\u2019s scheduled departure.\u00a0 At the following link, you can find the\u00a0<a href=\"https:\/\/travessiailhagrande.com\/?lang=en\">Angra dos Reis departure times<\/a>\u00a0on the homepage of this website, or click on the banner below to make your reservation.<\/p>\n<h3 style=\"text-align: center;\"><a href=\"https:\/\/travessiailhagrande.com\/boat-from-angra-dos-reis-to-abraao\/?lang=en\">\u00bb\u00bb MAKE YOUR RESERVATION FOR THE BOAT FROM\u00a0<strong>ANGRA DOS REIS TO VILA DO ABRAAO<\/strong>\u00a0HERE.<\/a><\/h3>\n<h2><a href=\"https:\/\/travessiailhagrande.com\/boat-from-angra-dos-reis-to-abraao\/?lang=en\"><img loading=\"lazy\" decoding=\"async\" class=\"aligncenter wp-image-1325 size-large\" src=\"https:\/\/travessiailhagrande.com\/wp-content\/uploads\/2021\/04\/Boat-from-Angra-dos-Reis-to-Ilha-Grande-1024x576.jpg\" sizes=\"auto, (max-width: 1024px) 100vw, 1024px\" srcset=\"https:\/\/travessiailhagrande.com\/wp-content\/uploads\/2021\/04\/Boat-from-Angra-dos-Reis-to-Ilha-Grande-1024x576.jpg 1024w, https:\/\/travessiailhagrande.com\/wp-content\/uploads\/2021\/04\/Boat-from-Angra-dos-Reis-to-Ilha-Grande-300x169.jpg 300w, https:\/\/travessiailhagrande.com\/wp-content\/uploads\/2021\/04\/Boat-from-Angra-dos-Reis-to-Ilha-Grande-1536x864.jpg 1536w, https:\/\/travessiailhagrande.com\/wp-content\/uploads\/2021\/04\/Boat-from-Angra-dos-Reis-to-Ilha-Grande.jpg 1920w\" alt=\"Angra dos Reis to Ilha Grande boat\" width=\"1024\" height=\"576\" \/><\/a><\/h2>\n<h2>Why Vila do Abra\u00e3o is the best area to stay on Ilha grande<\/h2>\n<p>Traveling to Vila do Abra\u00e3o, in Ilha Grande, is a dream for many. That\u2019s because from there you can access more than a hundred stunning beaches, and it is the perfect village to rest and connect with nature.<\/p>\n<p>It is recommended to stay in Abra\u00e3o on Ilha Grande simply because it is the principal town of the island, where you will find 90% of the hotels, restaurants, supermarkets, shops, bars, and nightlife.\u00a0 Most of the boats from the mainland also arrive at Abra\u00e3o, and because there are no cars or roads on Ilha Grande which can take you to other areas of the island, it makes sense to stay within walking distance from the main pier.<\/p>\n<p><img loading=\"lazy\" decoding=\"async\" class=\"aligncenter wp-image-609 size-large\" src=\"https:\/\/travessiailhagrande.com\/wp-content\/uploads\/2019\/12\/Depositphotos_212112916_l-2015-1024x576.jpg\" sizes=\"auto, (max-width: 1024px) 100vw, 1024px\" srcset=\"https:\/\/travessiailhagrande.com\/wp-content\/uploads\/2019\/12\/Depositphotos_212112916_l-2015-1024x576.jpg 1024w, https:\/\/travessiailhagrande.com\/wp-content\/uploads\/2019\/12\/Depositphotos_212112916_l-2015-300x169.jpg 300w, https:\/\/travessiailhagrande.com\/wp-content\/uploads\/2019\/12\/Depositphotos_212112916_l-2015-1536x864.jpg 1536w, https:\/\/travessiailhagrande.com\/wp-content\/uploads\/2019\/12\/Depositphotos_212112916_l-2015.jpg 2000w\" alt=\"Vila do Abra\u00e3o\" width=\"1024\" height=\"576\" \/><\/p>\n<p>Vila do Abra\u00e3o is also the location where daily boats and tours depart to visit other parts of the island, but when you are not out exploring, Abra\u00e3o is the best area to stay during your visit to Ilha Grande because there is more to do, especially at night.\u00a0 If you want to get away from crowds there are also wonderful pousadas just outside the town which are in quiet and beautiful areas, as well as a quick boat ride to town when you need something.<\/p>\n<h5><\/h5>\n<\/div><\/div><\/div><\/div><\/div><\/div><\/div><\/section>\n","protected":false},"excerpt":{"rendered":"How to get a boat to Vila do Abra\u00e3o Ilha Grande is only accessible by boat, and the two major departure points for taking boats to Vila do Abraao on Ilha Grande are: Concei\u00e7\u00e3o de Jacare\u00ed Angra dos Reis Located a 2-hour drive south\u00a0from\u00a0Rio de Janeiro,\u00a0the small coastal town of Concei\u00e7\u00e3o de Jacare\u00ed is the...","protected":false},"author":1,"featured_media":0,"parent":0,"menu_order":0,"comment_status":"closed","ping_status":"closed","template":"","meta":{"footnotes":""},"class_list":["post-21","page","type-page","status-publish","hentry"],"_links":{"self":[{"href":"https:\/\/travessiailhagrande.com\/en\/wp-json\/wp\/v2\/pages\/21","targetHints":{"allow":["GET"]}}],"collection":[{"href":"https:\/\/travessiailhagrande.com\/en\/wp-json\/wp\/v2\/pages"}],"about":[{"href":"https:\/\/travessiailhagrande.com\/en\/wp-json\/wp\/v2\/types\/page"}],"author":[{"embeddable":true,"href":"https:\/\/travessiailhagrande.com\/en\/wp-json\/wp\/v2\/users\/1"}],"replies":[{"embeddable":true,"href":"https:\/\/travessiailhagrande.com\/en\/wp-json\/wp\/v2\/comments?post=21"}],"version-history":[{"count":15,"href":"https:\/\/travessiailhagrande.com\/en\/wp-json\/wp\/v2\/pages\/21\/revisions"}],"predecessor-version":[{"id":1920,"href":"https:\/\/travessiailhagrande.com\/en\/wp-json\/wp\/v2\/pages\/21\/revisions\/1920"}],"wp:attachment":[{"href":"https:\/\/travessiailhagrande.com\/en\/wp-json\/wp\/v2\/media?parent=21"}],"curies":[{"name":"wp","href":"https:\/\/api.w.org\/{rel}","templated":true}]}}