{"id":19,"date":"2019-11-19T17:17:48","date_gmt":"2019-11-19T17:17:48","guid":{"rendered":"https:\/\/travessiailhagrande.com\/?page_id=19"},"modified":"2021-08-10T01:48:02","modified_gmt":"2021-08-10T01:48:02","slug":"how-to-get-to-conceicao-de-jacarei","status":"publish","type":"page","link":"https:\/\/travessiailhagrande.com\/en\/how-to-get-to-conceicao-de-jacarei\/","title":{"rendered":"How to get to Concei\u00e7\u00e3o de Jacare\u00ed to find boats to Ilha Grande"},"content":{"rendered":"<section class=\"l-section wpb_row height_medium\"><div class=\"l-section-h i-cf\"><div class=\"g-cols vc_row via_flex valign_top type_default stacking_default\"><div class=\"vc_col-sm-12 wpb_column vc_column_container\"><div class=\"vc_column-inner\"><div class=\"wpb_wrapper\"><div class=\"wpb_text_column\"><div class=\"wpb_wrapper\"><\/div><\/div><div class=\"wpb_text_column\"><div class=\"wpb_wrapper\"><h2><strong>The best ways to get to Concei\u00e7\u00e3o de Jacare\u00ed safely:<\/strong> routes, tips, and more!<\/h2>\n<p>When researching <a href=\"https:\/\/travessiailhagrande.com\/how-to-get-to-ilha-grande\/?lang=en\">how to get to Ilha Grande<\/a>, you probably came across the name of the little town called <strong>Concei\u00e7\u00e3o de Jacare\u00ed<\/strong> where boats depart to the island and now you are wondering how to get there.<\/p>\n<p>There are three main ways to <strong>get to Concei\u00e7\u00e3o de Jacare\u00ed <\/strong>safely if you are looking to take a boat to Ilha Grande from there<strong> &#8211; <\/strong>by car, by shuttle, or by bus.\u00a0 All three of these options will travel along the BR 101 &#8211; Rio\/Santos highway and arrive at the town when they reach kilometre 455.<\/p>\n<p>The main reason people stop at Concei\u00e7\u00e3o de Jacare\u00ed is that it is considered the best place to cross by <a href=\"https:\/\/travessiailhagrande.com\/en\/\">boat to Ilha Grande<\/a>.\u00a0Read on to find out where Concei\u00e7\u00e3o de Jacare\u00ed is located and how is the best way to get there from these locations:<\/p>\n<ul>\n<li><a href=\"#rio\">Rio de Janeiro city &amp; airports<\/a><\/li>\n<li><a href=\"#Sao Paulo\">Sao Paulo<\/a><\/li>\n<li><a href=\"#Paraty\">Paraty<\/a><\/li>\n<\/ul>\n<p><img loading=\"lazy\" decoding=\"async\" class=\"aligncenter wp-image-2479 size-large\" src=\"https:\/\/travessiailhagrande.com\/wp-content\/uploads\/2021\/07\/How-to-get-to-Conceicao-do-Jacarei-1024x536.jpg\" alt=\"get to Concei\u00e7\u00e3o de Jacare\u00ed\" width=\"1024\" height=\"536\" srcset=\"https:\/\/travessiailhagrande.com\/wp-content\/uploads\/2021\/07\/How-to-get-to-Conceicao-do-Jacarei-1024x536.jpg 1024w, https:\/\/travessiailhagrande.com\/wp-content\/uploads\/2021\/07\/How-to-get-to-Conceicao-do-Jacarei-300x157.jpg 300w, https:\/\/travessiailhagrande.com\/wp-content\/uploads\/2021\/07\/How-to-get-to-Conceicao-do-Jacarei.jpg 1200w\" sizes=\"auto, (max-width: 1024px) 100vw, 1024px\" \/><\/p>\n<h3>Where is Concei\u00e7\u00e3o de Jacare\u00ed?<\/h3>\n<p>The coastal town of Concei\u00e7\u00e3o de Jacare\u00ed is the second district of the city of Mangaratiba, the municipality of Rio de Janeiro, and is located on the border with the municipality of Angra dos Reis. Concei\u00e7\u00e3o de Jacare\u00ed has about 3,000 inhabitants, and once there you can find restaurants, pousadas, mini-markets, pharmacies, and a gas station.<\/p>\n<p>For people heading to Ilha Grande, the town finds itself with a privileged location as the closest point on the continent to access the town of Abra\u00e3o, which is the major town and access point on Ilha Grande.\u00a0 Most of the movement in Concei\u00e7\u00e3o de Jacare\u00ed takes place on the beach, close to the tourist pier from where our boat departs.<\/p>\n<p><strong>Important tip:<\/strong><br \/>\nNeither Concei\u00e7\u00e3o de Jacare\u00ed nor Abra\u00e3o on Ilha Grande, have banks, so it is important to bring enough cash with you, although most places accept credit cards.<\/p>\n<p>Click on the map below to find your route through <strong>Google Maps<\/strong>.<\/p>\n<p><iframe loading=\"lazy\" style=\"border: 0;\" tabindex=\"0\" src=\"https:\/\/www.google.com\/maps\/embed?pb=!1m18!1m12!1m3!1d3671.7654832365624!2d-44.16245344870757!3d-23.03238144808295!2m3!1f0!2f0!3f0!3m2!1i1024!2i768!4f13.1!3m3!1m2!1s0x9c439055a43a33%3A0x382b9994bccfd029!2zQ2FpcyBUdXLDrXN0aWNvIGRlIENvbmNlacOnw6NvIGRlIEphY2FyZcOt!5e0!3m2!1spt-BR!2spt!4v1591119150070!5m2!1spt-BR!2spt\" width=\"600\" height=\"450\" frameborder=\"0\" allowfullscreen=\"allowfullscreen\" aria-hidden=\"false\"><\/iframe><\/p>\n<p>Below, you will find the best ways to get to Concei\u00e7\u00e3o de Jacare\u00ed from Rio de Janeiro, S\u00e3o Paulo, and Paraty.<br \/>\n<a name=\"rio\"><\/a><\/p>\n<h3>How to get from Rio de Janeiro to Concei\u00e7\u00e3o de Jacare\u00ed<\/h3>\n<p>To get to Concei\u00e7\u00e3o de Jacare\u00ed you must travel 150 km from the capital of the State of Rio de Janeiro which takes about 2 hours by car or 2.5 hours if taking a bus.<\/p>\n<h4><strong>By Car<\/strong><\/h4>\n<p>From the city or airports (<span style=\"color: #333333;\"><a style=\"color: #333333;\" href=\"https:\/\/www.riogaleao.com\/passageiros\/painel-de-voo\" target=\"_blank\" rel=\"noopener\">RioGale\u00e3o Airport<\/a><\/span> GIG &amp; <span style=\"color: #333333;\"><a style=\"color: #333333;\" href=\"http:\/\/www.aeroportosantosdumont.net\" target=\"_blank\" rel=\"noopener\">Santos Dumont <\/a><\/span>Airport), take the Rio-Santos BR 101 highway as soon as you can and head south. Go to Mangaratiba and continue straight. The highway actually cuts through the city of Concei\u00e7\u00e3o de Jacare\u00ed. The beach is on your left and you must cross the road to find the tourist pier.<\/p>\n<h4><strong>By Bus<\/strong><\/h4>\n<p>The bus from Rio to Concei\u00e7\u00e3o de Jacare\u00ed is operated by <a href=\"https:\/\/www.costaverdetransportes.com.br\/\" target=\"_blank\" rel=\"noopener\">Costa Verde Transportes<\/a>, and there are 8 departures a day that leaves from the <strong>Rio Novo Bus Terminal<\/strong>.\u00a0 Once you get to Concei\u00e7\u00e3o de Jacare\u00ed you will discover there is no bus terminal in the town, so you need to request a stop on the side of the highway. From where the bus stops you need to cross the highway and then it is an easy 300 meters walk to the tourist pier.<\/p>\n<h4><strong>By Transfer<\/strong><\/h4>\n<p>If you value comfort and ease, there is also the option of making your transfer to Concei\u00e7\u00e3o de Jacare\u00ed using the shuttle service from <a href=\"https:\/\/travessiailhagrande.com\/?lang=en\"><em>Travessia Ilha Grande<\/em><\/a>.<\/p>\n<p><a href=\"https:\/\/travessiailhagrande.com\/transfer-rio-to-abraao-ilha-grande\/?lang=en\"><img loading=\"lazy\" decoding=\"async\" class=\"aligncenter wp-image-1417 size-full\" src=\"https:\/\/travessiailhagrande.com\/wp-content\/uploads\/2021\/04\/Rio-to-Conceicao-de-Jacarei.jpg\" alt=\"Transfer from Rio to Conceicao de Jacarei\" width=\"728\" height=\"90\" srcset=\"https:\/\/travessiailhagrande.com\/wp-content\/uploads\/2021\/04\/Rio-to-Conceicao-de-Jacarei.jpg 728w, https:\/\/travessiailhagrande.com\/wp-content\/uploads\/2021\/04\/Rio-to-Conceicao-de-Jacarei-300x37.jpg 300w\" sizes=\"auto, (max-width: 728px) 100vw, 728px\" \/><\/a><\/p>\n<p>There are a few daily door-to-island transfers that circulate in the following Rio neighbourhoods:<\/p>\n<p>Copacabana;<br \/>\nLeblon;<br \/>\nIpanema;<br \/>\nLeme;<br \/>\nBotafogo;<br \/>\nCatete;<br \/>\nGl\u00f3ria;<br \/>\nLapa;<br \/>\nSanta Teresa;<br \/>\nCentro;<br \/>\nand much more.<\/p>\n<p>When all passengers are on board, you will drive 2 hours south to Concei\u00e7\u00e3o de Jacare\u00ed. If your final destination is Abra\u00e3o, on Ilha Grande, by contracting our transfer you will already have a boat ticket for crossing included in the price.<\/p>\n<p style=\"text-align: center;\"><a href=\"https:\/\/travessiailhagrande.com\/transfer-rio-to-abraao-ilha-grande\/?lang=en\"><strong>\u00bb\u00bb WANT MORE INFORMATION ABOUT THE TRANSFER TO CONCEI\u00c7\u00c3O JACARE\u00cd FROM RIO?<\/strong><\/a><\/p>\n<h2><\/h2>\n<h3><\/h3>\n<p>With the transfer you:<\/p>\n<ul>\n<li>avoid the stress of driving on unfamiliar roads or having to go to the bus station to take the bus.<\/li>\n<li>do not have to worry about where to leave your car during your stay on Ilha Grande.<\/li>\n<li>guarantee your boat for the crossing to Ilha Grande.<\/li>\n<li>prepay with different payment options.<\/li>\n<\/ul>\n<p>A recommended <a href=\"https:\/\/www.kayak.com.br\/\">kayak.com.br<\/a> for finding cheap flights to Rio de Janeiro, comparing accommodation, and renting cars in Rio.<\/p>\n<p><a name=\"Sao Paulo\"><\/a><\/p>\n<h3><\/h3>\n<h3>How to get from S\u00e3o Paulo to Concei\u00e7\u00e3o de Jacare\u00ed<\/h3>\n<h4><strong>By Car<\/strong><\/h4>\n<p>Concei\u00e7\u00e3o de Jacare\u00ed is 400 km from the city of Sao Paulo, and it takes about 6 hours to travel there by car. The fastest route is to drive out of the city on the BR 116 north as if driving to Rio city.\u00a0 Not far after Volta Redonda turn onto the RJ-149 Highway to Mangaratiba until you reach the BR 101 then head south to Concei\u00e7\u00e3o de Jacare\u00ed. The highway cuts through town and you will find the beach and the tourist pier down some streets off the highway to your left.<\/p>\n<h4><strong>By Bus<\/strong><\/h4>\n<p>There are no direct buses to Concei\u00e7\u00e3o de Jacare\u00ed from Sao Paulo.\u00a0 There is a company called <a href=\"https:\/\/www.reunidaspaulista.com.br\/\" target=\"_blank\" rel=\"noopener\">Reunidas Paulista<\/a> which has daily departures from the Tiete bus terminal to Angra dos Reis, a town located 40 minutes south of Concei\u00e7\u00e3o de Jacare\u00ed.\u00a0 There are also <a href=\"https:\/\/travessiailhagrande.com\/en\/boat-from-angra-dos-reis-to-abraao\/\">boats from Angra dos Reis to Vila do Abra\u00e3o<\/a>, as well as <a href=\"https:\/\/travessiailhagrande.com\/boat-to-aracatiba-praia-vermelha\/?lang=en\">boats from Angra dos Reis to Ara\u00e7atiba &amp; Praia Vermelha<\/a> on Ilha Grande.<br \/>\n<a name=\"Paraty\"><\/a><\/p>\n<h3>How to get from Paraty to Concei\u00e7\u00e3o de Jacare\u00ed<\/h3>\n<p>Paraty is a popular colonial town about 2 hours south of Concei\u00e7\u00e3o de Jacare\u00ed, and many tourists visit Ilha Grande from there.<\/p>\n<h4><strong>By Car<\/strong><\/h4>\n<p>If you are driving, you simply travel north 135 km up the BR 101 in the direction of Rio de Janeiro and once you get to Concei\u00e7\u00e3o de Jacare\u00ed, you can find the tourism pier just 300 meters from the highway to your right.<\/p>\n<h4><strong>By Transfer<\/strong><\/h4>\n<p>There are regular departures per day from Paraty to Ilha Grande via Concei\u00e7\u00e3o de Jacare\u00ed.\u00a0 You can be picked up from your Paraty accommodation and you will drive 2 hours north and be dropped off near the Tourism Pier where you will be given a ticket for the boat to Abraao on Ilha Grande.<\/p>\n<p><a href=\"https:\/\/travessiailhagrande.com\/transfer-paraty-to-ilha-grande\/?lang=en\"><img loading=\"lazy\" decoding=\"async\" class=\"aligncenter wp-image-1420 size-full\" src=\"https:\/\/travessiailhagrande.com\/wp-content\/uploads\/2021\/04\/Paraty-to-Conceicao-de-Jacarei.jpg\" alt=\"Transfer Paraty to Conceicao de Jacarei\" width=\"728\" height=\"90\" srcset=\"https:\/\/travessiailhagrande.com\/wp-content\/uploads\/2021\/04\/Paraty-to-Conceicao-de-Jacarei.jpg 728w, https:\/\/travessiailhagrande.com\/wp-content\/uploads\/2021\/04\/Paraty-to-Conceicao-de-Jacarei-300x37.jpg 300w\" sizes=\"auto, (max-width: 728px) 100vw, 728px\" \/><\/a><\/p>\n<h3><\/h3>\n<h3>Ferry boats from Concei\u00e7\u00e3o de Jacare\u00ed to Abra\u00e3o, Ilha Grande<\/h3>\n<p>With several departures per day and brand-new boats, be sure to look for us when you arrive at Concei\u00e7\u00e3o de Jacare\u00ed to ensure a quick and easy boat ride to Ilha Grande!<\/p>\n<p style=\"text-align: center;\"><a href=\"https:\/\/travessiailhagrande.com\/boat-from-conceicao-de-jacarei\/?lang=en\"><strong>BOOK YOUR BOAT FROM<\/strong> <strong>CONCEI\u00c7\u00c3O DE JACARE\u00cd TO ILHA GRANDE HERE!<\/strong><\/a><\/p>\n<h3><a href=\"https:\/\/travessiailhagrande.com\/boat-from-conceicao-de-jacarei\/?lang=en\"><img loading=\"lazy\" decoding=\"async\" class=\"aligncenter wp-image-1321 size-large\" src=\"https:\/\/travessiailhagrande.com\/wp-content\/uploads\/2021\/04\/Boat-from-Conceicao-de-Jacarei-to-Ilha-Grande-3-1024x576.jpg\" alt=\"Conceicao de Jacarei boat to Abraao\" width=\"1024\" height=\"576\" srcset=\"https:\/\/travessiailhagrande.com\/wp-content\/uploads\/2021\/04\/Boat-from-Conceicao-de-Jacarei-to-Ilha-Grande-3-1024x576.jpg 1024w, https:\/\/travessiailhagrande.com\/wp-content\/uploads\/2021\/04\/Boat-from-Conceicao-de-Jacarei-to-Ilha-Grande-3-300x169.jpg 300w, https:\/\/travessiailhagrande.com\/wp-content\/uploads\/2021\/04\/Boat-from-Conceicao-de-Jacarei-to-Ilha-Grande-3-1536x864.jpg 1536w, https:\/\/travessiailhagrande.com\/wp-content\/uploads\/2021\/04\/Boat-from-Conceicao-de-Jacarei-to-Ilha-Grande-3.jpg 1920w\" sizes=\"auto, (max-width: 1024px) 100vw, 1024px\" \/><\/a><\/h3>\n<h3>How to find the Travessia Ilha Grande Ferry boats<\/h3>\n<p>You will find our staff at the tourist pier of Concei\u00e7\u00e3o de Jacare\u00ed, where they will be easy to spot with their t-shirt \u0301s with Travessia Ilha Grande written on them. The pier is located only 350 meters away from the BR101 highway, and there are several private parking lots in Concei\u00e7\u00e3o de Jacare\u00ed, with options for parking as close as 15 meters away from the tourist pier.<\/p>\n<p>Upon arrival, you go directly to the pier where our staff will be waiting to sell you a ticket for the ferry boat crossing to Abra\u00e3o on Ilha Grande.\u00a0 If you have already bought your ticket, then check in with the staff, who will let you know the procedure for boarding our Flex boats when it is time to depart.<\/p>\n<h3>Why take a Travessia Ilha Grande Ferry boat from Concei\u00e7\u00e3o de Jacare\u00ed<\/h3>\n<p>Do you want to know why to take a motorboat for the crossing from Concei\u00e7\u00e3o de Jacare\u00ed to Abr\u00e3ao in Ilha Grande? We have good reasons!<\/p>\n<ol>\n<li>Our starting point in Concei\u00e7\u00e3o de Jacare\u00ed is the best place to take the boat to Ilha Grande because the island is located just 11 kilometres away;<\/li>\n<li>\u00a0Our boats take only 20 minutes to cross from Concei\u00e7\u00e3o de Jacare\u00ed to the port city of Abra\u00e3o, Ilha Grande;<\/li>\n<li>\u00a0Our vessels are <strong>flexboats<\/strong>, which are safe, comfortable, and stable;<\/li>\n<li>\u00a0The boat arrives at the principal tourist port of Ilha Grande which is the main entrance to the island.\u00a0 The port is called <strong>Esta\u00e7\u00e3o Abra\u00e3o<\/strong>, and you disembark on a long wooden pier that protrudes from the city&#8217;s beach. The pier is located in the middle of Abra\u00e3o and from there you make your own way to your accommodation on the island. There are no cars on Ilha Grande, so if you have a lot of luggage, consider hiring one of the porters around the pier who will take your luggage to your accommodation for a fee.<\/li>\n<\/ol>\n<\/div><\/div><\/div><\/div><\/div><\/div><\/div><\/section>\n","protected":false},"excerpt":{"rendered":"The best ways to get to Concei\u00e7\u00e3o de Jacare\u00ed safely: routes, tips, and more! When researching how to get to Ilha Grande, you probably came across the name of the little town called Concei\u00e7\u00e3o de Jacare\u00ed where boats depart to the island and now you are wondering how to get there. There are three main...","protected":false},"author":1,"featured_media":0,"parent":0,"menu_order":0,"comment_status":"closed","ping_status":"closed","template":"","meta":{"footnotes":""},"class_list":["post-19","page","type-page","status-publish","hentry"],"_links":{"self":[{"href":"https:\/\/travessiailhagrande.com\/en\/wp-json\/wp\/v2\/pages\/19","targetHints":{"allow":["GET"]}}],"collection":[{"href":"https:\/\/travessiailhagrande.com\/en\/wp-json\/wp\/v2\/pages"}],"about":[{"href":"https:\/\/travessiailhagrande.com\/en\/wp-json\/wp\/v2\/types\/page"}],"author":[{"embeddable":true,"href":"https:\/\/travessiailhagrande.com\/en\/wp-json\/wp\/v2\/users\/1"}],"replies":[{"embeddable":true,"href":"https:\/\/travessiailhagrande.com\/en\/wp-json\/wp\/v2\/comments?post=19"}],"version-history":[{"count":22,"href":"https:\/\/travessiailhagrande.com\/en\/wp-json\/wp\/v2\/pages\/19\/revisions"}],"predecessor-version":[{"id":2737,"href":"https:\/\/travessiailhagrande.com\/en\/wp-json\/wp\/v2\/pages\/19\/revisions\/2737"}],"wp:attachment":[{"href":"https:\/\/travessiailhagrande.com\/en\/wp-json\/wp\/v2\/media?parent=19"}],"curies":[{"name":"wp","href":"https:\/\/api.w.org\/{rel}","templated":true}]}}