{"id":17,"date":"2019-11-19T17:17:12","date_gmt":"2019-11-19T17:17:12","guid":{"rendered":"https:\/\/travessiailhagrande.com\/?page_id=17"},"modified":"2019-12-11T17:23:01","modified_gmt":"2019-12-11T17:23:01","slug":"transfers","status":"publish","type":"page","link":"https:\/\/travessiailhagrande.com\/en\/transfers\/","title":{"rendered":"Transfers"},"content":{"rendered":"<section class=\"l-section wpb_row height_medium\"><div class=\"l-section-h i-cf\"><div class=\"g-cols vc_row via_flex valign_top type_default stacking_default\"><div class=\"vc_col-sm-12 wpb_column vc_column_container\"><div class=\"vc_column-inner\"><div class=\"wpb_wrapper\"><div class=\"wpb_text_column\"><div class=\"wpb_wrapper\"><p>We also offer both regular and private transfers from R\u00edo de Janeiro &amp; Paraty which include your boat ticket from Concei\u00e7\u00e3o de Jacarei to Paraty.<\/p>\n<\/div><\/div><div class=\"g-cols wpb_row via_flex valign_top type_default stacking_default\"><div class=\"vc_col-sm-8 wpb_column vc_column_container\"><div class=\"vc_column-inner\"><div class=\"wpb_wrapper\"><div class=\"w-image align_none\"><div class=\"w-image-h\"><img decoding=\"async\" width=\"1000\" height=\"667\" src=\"https:\/\/travessiailhagrande.com\/wp-content\/uploads\/2019\/12\/transfers.jpg\" class=\"attachment-full size-full\" alt=\"Getting to Conceicao do Jacarei\" loading=\"lazy\" srcset=\"https:\/\/travessiailhagrande.com\/wp-content\/uploads\/2019\/12\/transfers.jpg 1000w, https:\/\/travessiailhagrande.com\/wp-content\/uploads\/2019\/12\/transfers-300x200.jpg 300w, https:\/\/travessiailhagrande.com\/wp-content\/uploads\/2019\/12\/transfers-600x400.jpg 600w\" sizes=\"auto, (max-width: 1000px) 100vw, 1000px\" \/><\/div><\/div><\/div><\/div><\/div><div class=\"vc_col-sm-4 wpb_column vc_column_container\"><div class=\"vc_column-inner\"><div class=\"wpb_wrapper\">[vc_raw_html]JTNDc2NyaXB0JTIwZGVmZXIlM0QlMjIlMjIlMjB0eXBlJTNEJTIydGV4dCUyRmphdmFzY3JpcHQlMjIlMjBzcmMlM0QlMjJodHRwcyUzQSUyRiUyRnRyYXZlcnNlYW1lcmljYS5yZXpkeS5jb20lMkZwbHVnaW5KcyUyMiUzRSUzQyUyRnNjcmlwdCUzRSUwQSUyMCUyMCUyMCUyMCUyMCUyMCUyMCUyMCUyMCUyMCUyMCUyMCUyMCUyMCUyMCUyMCUzQ2lmcmFtZSUyMHNlYW1sZXNzJTNEJTIyJTIyJTIwd2lkdGglM0QlMjIzMDBweCUyMiUyMGhlaWdodCUzRCUyMjEwMDBweCUyMiUyMGZyYW1lYm9yZGVyJTNEJTIyMCUyMiUyMGNsYXNzJTNEJTIycmV6ZHklMjIlMjBzcmMlM0QlMjJodHRwcyUzQSUyRiUyRnRyYXZlcnNlYW1lcmljYS5yZXpkeS5jb20lMkZ0cmFuc2ZlcldpZGdldCUzRmNhdGFsb2dJZCUzRDMwMDc5MiUyNmlmcmFtZSUzRHRydWUlMjIlM0UlM0MlMkZpZnJhbWUlM0UlMEE=[\/vc_raw_html]<\/div><\/div><\/div><\/div><\/div><\/div><\/div><\/div><\/div><\/section><section class=\"l-section wpb_row height_medium\"><div class=\"l-section-h i-cf\"><div class=\"g-cols vc_row via_flex valign_top type_default stacking_default\"><div class=\"vc_col-sm-12 wpb_column vc_column_container\"><div class=\"vc_column-inner\"><div class=\"wpb_wrapper\"><div class=\"wpb_text_column\"><div class=\"wpb_wrapper\"><h1>Rio to Ilha Grande (including boat ticket)<\/h1>\n<p>If you wish to travel from Rio de Janeiro to Abra\u00e3o on Ilha Grande, we can pick you up in either a shared shuttle or a private car. You can be collected from the airport, your hotel or an apartment.<\/p>\n<p><strong>Rio de Janeiro City to Ilha Grande &#8211; Shared Shuttle\u00a0\u00a0\u00a0 <\/strong><\/p>\n<p>The shared transfer departs 3 times a day from Rio de Janeiro and the vehicle will bring you to Concei\u00e7\u00e3o de Jacarei where you will be given your boat ticket for our next departing boat.\u00a0 Our boats will then take you to the main pier of Abra\u00e3o on Ilha Grande.\u00a0 Choose a one-way ticket or a round trip. You can return to a different location in Rio, including a drop off at the airport.<\/p>\n<p><strong>Rio de Janeiro GIG Airport to Ilha Grande &#8211; Shared Shuttle\u00a0 <\/strong><\/p>\n<p>There are 3 daily shuttles that pass a meeting point outside the GIG Airport Terminal 2, which will bring you to Concei\u00e7\u00e3o de Jacarei.\u00a0 On arrival, you will receive your boat ticket for our next departing ferry, which will take you to the main pier of Abra\u00e3o, the main arrival pier of Ilha Grande. If you book the roundtrip, you will also be provided with a return boat ticket, and the shuttle will be waiting to take you back to the airport, or another location in the city of Rio de Janeiro.<\/p>\n<p><strong>SDU Airport to Ilha Grande &#8211; Shared Shuttle\u00a0\u00a0 <\/strong><\/p>\n<p>Take one of the 3 airport shuttles which pass the Santos Dumont Airport daily and will drive you to the pier of Concei\u00e7\u00e3o de Jacare\u00ed.\u00a0\u00a0 Here you will be given a ticket for our next boat departing for Abraao on Ilha Grande.<\/p>\n<p><strong>Rio City or Rio Airports to Ilha Grande &#8211; Private transfer\u00a0 <\/strong><\/p>\n<p>A private transfer will provide you with a quicker and more personalized service compared to the shared transfers.\u00a0 There is more departure available which will take you to meet your boat in Concei\u00e7\u00e3o de Jacare\u00ed, where you will be given your boat ticket on the next departure to Abra\u00e3o on Ilha Grande.\u00a0 If you are arriving by air, your driver will be waiting with a sign to greet you at the airport; or if staying in a hotel or apartment in the city, your driver will meet Pick you up from there.<\/p>\n<h1>Paraty to Ilha Grande (including boat ticket)<\/h1>\n<p>Now it is easy for you to get from Paraty to Abra\u00e3o on Ilha Grande by transfer.\u00a0 There are several shared shuttle departures per day which will pick you up from the town of Paraty or nearby Jabaquara, and drive you a few hours north to Concei\u00e7\u00e3o de Jacare\u00ed.\u00a0 On arrival at the port, you will receive your boat ticket for the next departure to the main pier of Abra\u00e3o on Ilha Grande.<\/p>\n<h1>Ilha Grande to R\u00edo de Janeiro (including boat ticket)<\/h1>\n<p>There are 3 daily departures per day for the shared boat\/shuttle transfer which depart the main pier of Abra\u00e3o on Ilha Grande.\u00a0 You will need to meet at our agency in Abra\u00e3o 15 minutes before our boat departs.\u00a0 You will be provided with your ticket and you will then be escorted to the boat which will take you to Concei\u00e7\u00e3o de Jacare\u00ed.\u00a0 On arrival to the mainland, you will change to the shuttle van for the transfer to Rio and you can be dropped off at either the airport or some of the popular neighborhoods within the city of Rio de Janeiro.<\/p>\n<h1>Ilha Grande to Paraty (including boat ticket)<\/h1>\n<p>Choose from 3 daily departures from Abra\u00e3o on Ilha Grande to Paraty.\u00a0 After meeting at our agency, you will be escorted to our boat which will depart to Concei\u00e7\u00e3o de Jacare\u00ed.\u00a0 On your arrival, you will be then escorted to the shuttle which will drive you a couple of hours south and drop you off at your accommodation either in the town of Paraty or nearby Jabaquara.<\/p>\n<\/div><\/div><\/div><\/div><\/div><\/div><\/div><\/section>\n","protected":false},"excerpt":{"rendered":"We also offer both regular and private transfers from R\u00edo de Janeiro &amp; Paraty which include your boat ticket from Concei\u00e7\u00e3o de Jacarei to Paraty. [vc_raw_html]JTNDc2NyaXB0JTIwZGVmZXIlM0QlMjIlMjIlMjB0eXBlJTNEJTIydGV4dCUyRmphdmFzY3JpcHQlMjIlMjBzcmMlM0QlMjJodHRwcyUzQSUyRiUyRnRyYXZlcnNlYW1lcmljYS5yZXpkeS5jb20lMkZwbHVnaW5KcyUyMiUzRSUzQyUyRnNjcmlwdCUzRSUwQSUyMCUyMCUyMCUyMCUyMCUyMCUyMCUyMCUyMCUyMCUyMCUyMCUyMCUyMCUyMCUyMCUzQ2lmcmFtZSUyMHNlYW1sZXNzJTNEJTIyJTIyJTIwd2lkdGglM0QlMjIzMDBweCUyMiUyMGhlaWdodCUzRCUyMjEwMDBweCUyMiUyMGZyYW1lYm9yZGVyJTNEJTIyMCUyMiUyMGNsYXNzJTNEJTIycmV6ZHklMjIlMjBzcmMlM0QlMjJodHRwcyUzQSUyRiUyRnRyYXZlcnNlYW1lcmljYS5yZXpkeS5jb20lMkZ0cmFuc2ZlcldpZGdldCUzRmNhdGFsb2dJZCUzRDMwMDc5MiUyNmlmcmFtZSUzRHRydWUlMjIlM0UlM0MlMkZpZnJhbWUlM0UlMEE=[\/vc_raw_html] Rio to Ilha Grande (including boat ticket) If you wish to travel from Rio de Janeiro to Abra\u00e3o on Ilha Grande, we can pick you up in either a...","protected":false},"author":1,"featured_media":0,"parent":0,"menu_order":0,"comment_status":"closed","ping_status":"closed","template":"","meta":{"footnotes":""},"class_list":["post-17","page","type-page","status-publish","hentry"],"_links":{"self":[{"href":"https:\/\/travessiailhagrande.com\/en\/wp-json\/wp\/v2\/pages\/17","targetHints":{"allow":["GET"]}}],"collection":[{"href":"https:\/\/travessiailhagrande.com\/en\/wp-json\/wp\/v2\/pages"}],"about":[{"href":"https:\/\/travessiailhagrande.com\/en\/wp-json\/wp\/v2\/types\/page"}],"author":[{"embeddable":true,"href":"https:\/\/travessiailhagrande.com\/en\/wp-json\/wp\/v2\/users\/1"}],"replies":[{"embeddable":true,"href":"https:\/\/travessiailhagrande.com\/en\/wp-json\/wp\/v2\/comments?post=17"}],"version-history":[{"count":5,"href":"https:\/\/travessiailhagrande.com\/en\/wp-json\/wp\/v2\/pages\/17\/revisions"}],"predecessor-version":[{"id":89,"href":"https:\/\/travessiailhagrande.com\/en\/wp-json\/wp\/v2\/pages\/17\/revisions\/89"}],"wp:attachment":[{"href":"https:\/\/travessiailhagrande.com\/en\/wp-json\/wp\/v2\/media?parent=17"}],"curies":[{"name":"wp","href":"https:\/\/api.w.org\/{rel}","templated":true}]}}